{"id":6815,"date":"2026-01-09T16:17:53","date_gmt":"2026-01-09T16:17:53","guid":{"rendered":"https:\/\/tro-events.com\/?post_type=product&#038;p=6815"},"modified":"2026-01-27T13:47:48","modified_gmt":"2026-01-27T13:47:48","slug":"battletro-quematurron","status":"publish","type":"product","link":"https:\/\/tro-events.com\/index.php\/producto\/battletro-quematurron\/","title":{"rendered":"BattleTRO &#8211; Quematurron"},"content":{"rendered":"<blockquote><p><b>Battletro Quematurr\u00f3n\u2694\ufe0f<\/b><\/p>\n<p>&nbsp;<\/p>\n<p><i>Una tendencia se ha puesto de moda cerca de las Marcas de Gabatx: el culto al cuerpo y el desprecio hacia alimentos que seg\u00fan ellos han sido sido creados por el ser humano. Este grupo solo quiere alimentarse de productos de la tierra y de la caza y alejarse de las fokin panzas.<\/i><\/p>\n<p><i>\u00a0<\/i><\/p>\n<p><i>Harto de esta nueva moda, Fransu\u00e1, el portador de la Baguette, ha decidido reunir a sus compa\u00f1eros de comidas y de industria alimentaria para enfrentarse contra aquellos que osan despreciar los croissants, las baguettes y, por supuesto, los turrones que tanta alegr\u00eda dan a las familias.<\/i><\/p>\n<p><span style=\"font-weight: 400;\">\u2727 <\/span><b>\u00bfA qui\u00e9n apoyar\u00e1s?<\/b><span style=\"font-weight: 400;\"> \u2727<\/span><\/p>\n<p><span style=\"font-weight: 400;\"><br \/>\n<\/span><span style=\"font-weight: 400;\"> \u2014 <\/span><b>Fransu\u00e1 y las gentes de Gabatx:<\/b><span style=\"font-weight: 400;\"> El portador de la Baguette\u00a0 y sus compa\u00f1eros de Gabatx, que ven peligrar\u00a0 las fuentes de ingresos de sus familias.<\/span><span style=\"font-weight: 400;\"><br \/>\n<\/span><span style=\"font-weight: 400;\"> \u2014 <strong>Maston<\/strong><\/span><span style=\"font-weight: 400;\"><b>, el fokin Bestia<\/b> y sus f<\/span><span style=\"font-weight: 400;\">ieles seguidores del culto al cuerpo que quieren ser los m\u00e1s fuertes y sanos y acabar con los hidratos y grasas de la gastronom\u00eda de Gabatx.\u00a0<\/span><\/p>\n<p><span style=\"font-weight: 400;\">\ud83d\udcc5 01 de Febrero<\/span><i><span style=\"font-weight: 400;\"><br \/>\n<\/span><\/i><span style=\"font-weight: 400;\"> \ud83d\udd65 <\/span><i><span style=\"font-weight: 400;\">10:30 h<\/span><\/i><i><span style=\"font-weight: 400;\"><br \/>\n<\/span><\/i><span style=\"font-weight: 400;\"> \ud83d\udccd <\/span><i><span style=\"font-weight: 400;\">Parc dels Tres Torrents \u2014 Sant Pere de Vilamajor<\/span><\/i><i><span style=\"font-weight: 400;\"><br \/>\n<\/span><\/i><span style=\"font-weight: 400;\"> \ud83d\udcb8 <\/span><i><span style=\"font-weight: 400;\">Entrada: 10\u20ac <\/span><\/i><\/p>\n<p>\u00a1Queremos que este sea un inicio de a\u00f1o con un Battletro lleno de acci\u00f3n, buenos momentos y momentos memorables!<\/p>\n<p><span style=\"font-weight: 400;\">\u00a0\ud83d\udcaaLa batalla entre el Gym y el \u00d1am! \ud83e\udd50<\/span><\/p><\/blockquote>\n<h5 style=\"text-align: justify;\"><span style=\"color: #000000;\">Hora de llegada y hora de inicio<\/span><\/h5>\n<p style=\"text-align: justify;\"><span style=\"color: #000000;\">Los participantes deben estar cambiados y preparados para el inicio de la actividad a las 10:30am. Recomendamos llegar a las 10.00 am.<\/span><\/p>\n<h5 style=\"text-align: justify;\"><span style=\"color: #000000;\">Validaci\u00f3n de la inscripci\u00f3n<\/span><\/h5>\n<p style=\"text-align: justify;\"><span style=\"color: #000000;\">Al inicio de la actividad se os pedir\u00e1 el n\u00famero de pedido para poder identificar vuestra inscripci\u00f3n. No es necesario imprimir el email de confirmaci\u00f3n, con disponer de el n\u00famero y el nombre ser\u00e1 suficiente. En caso de no recibir email de confirmaci\u00f3n, revisa el SPAM y si sigues sin recibirla, escribe un email a info@tro-events.com<\/span><\/p>\n<h5 style=\"text-align: justify;\"><span style=\"color: #000000;\">Attrezzo y equipamiento<\/span><\/h5>\n<p style=\"text-align: justify;\"><span style=\"color: #000000;\">En caso de no disponer de indumentaria acorde con la actividad (medieval-fant\u00e1stica) se deben optar por colores pardos o negros. El calzado debe ser adecuado para la pr\u00e1ctica deportiva y a poder ser de los mismos tonos que la ropa intentando evitar todos aquellos colores llamativos como blanco, amarillo, etc.<\/span><\/p>\n<p style=\"text-align: justify;\"><span style=\"color: #000000;\">Si quieres participar pero no dispones de arma puedes enviarnos un email a info@tro-events.com para consultar sobre el alquiler de material.<\/span><\/p>\n<h5 data-start=\"114\" data-end=\"166\">\u00bfQuieres patrocinar o colaborar con este evento?<\/h5>\n<p data-start=\"417\" data-end=\"625\">Si te interesa colaborar mediante <strong data-start=\"451\" data-end=\"504\">productos, descuentos, premios o cualquier aporte<\/strong> que mejore la experiencia de los asistentes, estaremos encantados de hablar contigo y ver c\u00f3mo podemos colaborar juntos.<\/p>\n<p data-start=\"627\" data-end=\"741\">\ud83d\udce9 <strong data-start=\"630\" data-end=\"642\">Contacto<\/strong><br data-start=\"642\" data-end=\"645\" \/>Puedes escribirnos a: <strong data-start=\"667\" data-end=\"690\"><a class=\"decorated-link cursor-pointer\" rel=\"noopener\" data-start=\"669\" data-end=\"688\">info@tro-events.com<\/a><\/strong><br data-start=\"690\" data-end=\"693\" \/>O enviarnos un mensaje a trav\u00e9s de <strong data-start=\"728\" data-end=\"741\">Instagram<\/strong><\/p>\n<p data-start=\"743\" data-end=\"818\">\u00a1\u00danete a este Battletro!<\/p>\n<div id=\"malwarebytes-root\"><\/div>\n","protected":false},"excerpt":{"rendered":"<p>Battletro Quematurr\u00f3n\u2694\ufe0f &nbsp; Una tendencia se ha puesto de moda cerca de las Marcas de Gabatx: el culto al cuerpo y el desprecio hacia alimentos que seg\u00fan ellos han sido sido creados por el ser humano. Este grupo solo quiere<\/p>\n","protected":false},"featured_media":6823,"template":"","meta":[],"product_cat":[57,17],"product_tag":[128],"_links":{"self":[{"href":"https:\/\/tro-events.com\/index.php\/wp-json\/wp\/v2\/product\/6815"}],"collection":[{"href":"https:\/\/tro-events.com\/index.php\/wp-json\/wp\/v2\/product"}],"about":[{"href":"https:\/\/tro-events.com\/index.php\/wp-json\/wp\/v2\/types\/product"}],"wp:featuredmedia":[{"embeddable":true,"href":"https:\/\/tro-events.com\/index.php\/wp-json\/wp\/v2\/media\/6823"}],"wp:attachment":[{"href":"https:\/\/tro-events.com\/index.php\/wp-json\/wp\/v2\/media?parent=6815"}],"wp:term":[{"taxonomy":"product_cat","embeddable":true,"href":"https:\/\/tro-events.com\/index.php\/wp-json\/wp\/v2\/product_cat?post=6815"},{"taxonomy":"product_tag","embeddable":true,"href":"https:\/\/tro-events.com\/index.php\/wp-json\/wp\/v2\/product_tag?post=6815"}],"curies":[{"name":"wp","href":"https:\/\/api.w.org\/{rel}","templated":true}]}}