{"id":528,"date":"2020-05-31T17:26:31","date_gmt":"2020-05-31T17:26:31","guid":{"rendered":"http:\/\/34.254.181.172\/?page_id=528"},"modified":"2021-06-26T16:13:33","modified_gmt":"2021-06-26T16:13:33","slug":"confederacion-de-los-vientos","status":"publish","type":"page","link":"https:\/\/tro-events.com\/index.php\/legacies-main\/confederacion-de-los-vientos\/","title":{"rendered":"Confederaci\u00f3n de los Siete Vientos"},"content":{"rendered":"\r\n<p><span style=\"font-weight: 400;\">La confederaci\u00f3n de los siete vientos es un conjunto de archipi\u00e9lagos situado al este de la Rep\u00fablica, en el mar oriental. \u00c9stos est\u00e1n dispuestos de tal manera que forman un peque\u00f1o mar interior en el centro. Cada uno de ellos cuenta como epicentro su correspondiente ciudad-estado la cu\u00e1l, administra y protege el resto de las islas de su dominio.\u00a0<\/span><\/p>\r\n<p><span style=\"font-weight: 400;\">La confederaci\u00f3n nace a partir de la batalla del mar interior, donde por aquel entonces unas primitivas ocho ciudades-estado, libraron la batalla naval de mayores dimensiones que se conoce. Centenares de rudimentarias naves se enfrentaron durante d\u00edas sin dejar un claro vencedor. Pero s\u00ed un claro perdedor. El archipi\u00e9lago Norte fue arrasado, nada qued\u00f3 vivo, pues el grueso de la batalla se libr\u00f3 frente a sus costas. Poco despu\u00e9s de la guerra y c\u00f3mo si los Dioses se apiadaron, un maremoto engulle casi la totalidad de su tierra dejando una peque\u00f1a y bald\u00eda porci\u00f3n de ella; la Isla Fr\u00eda.<\/span><\/p>\r\n<p><span style=\"font-weight: 400;\">Aprendieron la lecci\u00f3n; si no se destruyen unos a otros lo har\u00eda la propia naturaleza como respuesta a sus pecados. Prefirieron olvidar lugares malditos y derramar sangre entre hermanos para dise\u00f1ar un futuro juntos y confederado.\u00a0<\/span><\/p>\r\n<p><span style=\"font-weight: 400;\">Los Siete Vientos forman el Gobierno de la Confederaci\u00f3n, t\u00edtulo que ostentan los representantes y gobernantes de cada una de las 7 Ciudad-Estado. Cada una de ellas gobernada a su vez por las familias m\u00e1s poderosas, siendo una de ellas la troncal y dominante sobre las dem\u00e1s. Todos los archipi\u00e9lagos se rigen por su propia ley, pero todos comparten en su mayor\u00eda, los mismos ideales y forma de vida.<\/span><\/p>\r\n<p><span style=\"font-weight: 400;\">Marineros, exploradores, comerciantes, eruditos y alquimistas son parte de la poblaci\u00f3n que habita en la Confederaci\u00f3n, conocidos son los grandes laboratorios donde se trabaja para tratar de encontrar las mejores pociones y transmutaciones del mundo. En sus puertos se exporta una gran cantidad de mercanc\u00edas ex\u00f3ticas para los mercados de todos los continentes. Tambi\u00e9n gozan de reputaci\u00f3n las compa\u00f1\u00edas mercenarias de los archipi\u00e9lagos del sur, alquilando sus servicios a quien pueda pagarlos. Muchos han sido los que a lo largo de la historia han puesto sus pies en la Confederaci\u00f3n atra\u00eddos por el mayor puerto comercial del mundo y otros tantos haciendo ra\u00edces de forma permanente. Esto conlleva que multitud de etnias y oficios convivan en las islas desde siempre, siendo una parte importante de su poder.<\/span><\/p>\r\n<p><span style=\"font-weight: 400;\">Las gentes de la confederaci\u00f3n son conscientes que deben su existencia a los mares que los rodean, as\u00ed, los cultos a los Dioses Elementales ocupan la totalidad del pante\u00f3n religioso, en especial a los relacionados con los mares y los cielos. Existen cultos minoritarios de comunidades migrantes que a\u00fan mantienen sus cultos de origen.<\/span><\/p>\r\n<p><span style=\"font-weight: 400;\">Hell Bloodhevn, Viento del Este, Matriarca del Archipi\u00e9lago Oriental, ha decidido hacer caso por fin a sus or\u00e1culos. Mujer poco amiga de los videntes, prefiere confiar en lo que puede ver y tocar. Pero tambi\u00e9n sabe que si no lo hace ella quiz\u00e1 otros lo hagan, pues las malditas brujas venden sus visiones a todos los Se\u00f1ores del Mar Interior.<\/span><\/p>\r\n<p><span style=\"font-weight: 400;\">Las viejas charlatanas le han mostrado una y otra vez las se\u00f1ales en medio de v\u00edsceras de pescado y advertido sobre confusos presagios y profec\u00edas incompletas. Pero ahora tiene un mapa y eso cambia las cosas. La flota recibi\u00f3 la orden hace d\u00edas; aprovisionamiento para un viaje de tiempo indefinido y movilizaci\u00f3n de todos los efectivos.\u00a0<\/span><\/p>\r\n<p><span style=\"font-weight: 400;\">El Orgullo del Este zarpaba hacia lo desconocido.<\/span><\/p>\r\n","protected":false},"excerpt":{"rendered":"<p>La confederaci\u00f3n de los vientos, es un conjunto de ciudades-estado situadas al este de los antiguos reinos de Gunnar formando parte de una gran pen\u00ednsula y distintos archipi\u00e9lagos&#8230;<\/p>\n","protected":false},"author":1,"featured_media":489,"parent":512,"menu_order":0,"comment_status":"closed","ping_status":"closed","template":"page-templates\/page-builder.php","meta":{"footnotes":""},"inscripciones_activas":[],"_links":{"self":[{"href":"https:\/\/tro-events.com\/index.php\/wp-json\/wp\/v2\/pages\/528"}],"collection":[{"href":"https:\/\/tro-events.com\/index.php\/wp-json\/wp\/v2\/pages"}],"about":[{"href":"https:\/\/tro-events.com\/index.php\/wp-json\/wp\/v2\/types\/page"}],"author":[{"embeddable":true,"href":"https:\/\/tro-events.com\/index.php\/wp-json\/wp\/v2\/users\/1"}],"replies":[{"embeddable":true,"href":"https:\/\/tro-events.com\/index.php\/wp-json\/wp\/v2\/comments?post=528"}],"version-history":[{"count":4,"href":"https:\/\/tro-events.com\/index.php\/wp-json\/wp\/v2\/pages\/528\/revisions"}],"predecessor-version":[{"id":1454,"href":"https:\/\/tro-events.com\/index.php\/wp-json\/wp\/v2\/pages\/528\/revisions\/1454"}],"up":[{"embeddable":true,"href":"https:\/\/tro-events.com\/index.php\/wp-json\/wp\/v2\/pages\/512"}],"wp:featuredmedia":[{"embeddable":true,"href":"https:\/\/tro-events.com\/index.php\/wp-json\/wp\/v2\/media\/489"}],"wp:attachment":[{"href":"https:\/\/tro-events.com\/index.php\/wp-json\/wp\/v2\/media?parent=528"}],"wp:term":[{"taxonomy":"inscripciones_activas","embeddable":true,"href":"https:\/\/tro-events.com\/index.php\/wp-json\/wp\/v2\/inscripciones_activas?post=528"}],"curies":[{"name":"wp","href":"https:\/\/api.w.org\/{rel}","templated":true}]}}