{"id":524,"date":"2020-05-31T17:24:40","date_gmt":"2020-05-31T17:24:40","guid":{"rendered":"http:\/\/34.254.181.172\/?page_id=524"},"modified":"2020-05-31T17:24:40","modified_gmt":"2020-05-31T17:24:40","slug":"reinos-enanos-de-karak-kat","status":"publish","type":"page","link":"https:\/\/tro-events.com\/index.php\/reinos-enanos-de-karak-kat\/","title":{"rendered":"Reinos enanos de Karak-Kat"},"content":{"rendered":"\n<p class=\"has-text-align-center\">En la regi\u00f3n de las monta\u00f1as de Karak Kat reside el clan enano Bram de Brau que lidera con tenacidad a los enanos y humanos de la zona. Ambas razas coexisten gracias a una f\u00e9rrea disciplina y los humanos de esta regi\u00f3n son muy parecidos a los enanos, son tozudos, ariscos, taca\u00f1os y rencorosos pero antiguos pactos de los enanos con Gunnar mantienen la relaci\u00f3n comercial con otras regiones humanas.<\/p>\n\n\n\n<p class=\"has-text-align-center\">Ahora con el descubrimiento de Arrescan, los enanos quieren conseguir sus recursos para dejar de negociar con el resto de reinos y encerrarse en sus monta\u00f1as.<\/p>\n","protected":false},"excerpt":{"rendered":"<p>En la regi\u00f3n de las monta\u00f1as de Karak Kat reside el clan enano Bram de Brau que lidera con tenacidad a los enanos y humanos de la zona. Ambas razas coexisten gracias a una f\u00e9rrea disciplina y los humanos de esta regi\u00f3n son muy parecidos a los enanos, son tozudos, ..<\/p>\n","protected":false},"author":1,"featured_media":489,"parent":0,"menu_order":0,"comment_status":"closed","ping_status":"closed","template":"","meta":{"footnotes":""},"inscripciones_activas":[],"_links":{"self":[{"href":"https:\/\/tro-events.com\/index.php\/wp-json\/wp\/v2\/pages\/524"}],"collection":[{"href":"https:\/\/tro-events.com\/index.php\/wp-json\/wp\/v2\/pages"}],"about":[{"href":"https:\/\/tro-events.com\/index.php\/wp-json\/wp\/v2\/types\/page"}],"author":[{"embeddable":true,"href":"https:\/\/tro-events.com\/index.php\/wp-json\/wp\/v2\/users\/1"}],"replies":[{"embeddable":true,"href":"https:\/\/tro-events.com\/index.php\/wp-json\/wp\/v2\/comments?post=524"}],"version-history":[{"count":1,"href":"https:\/\/tro-events.com\/index.php\/wp-json\/wp\/v2\/pages\/524\/revisions"}],"predecessor-version":[{"id":525,"href":"https:\/\/tro-events.com\/index.php\/wp-json\/wp\/v2\/pages\/524\/revisions\/525"}],"wp:featuredmedia":[{"embeddable":true,"href":"https:\/\/tro-events.com\/index.php\/wp-json\/wp\/v2\/media\/489"}],"wp:attachment":[{"href":"https:\/\/tro-events.com\/index.php\/wp-json\/wp\/v2\/media?parent=524"}],"wp:term":[{"taxonomy":"inscripciones_activas","embeddable":true,"href":"https:\/\/tro-events.com\/index.php\/wp-json\/wp\/v2\/inscripciones_activas?post=524"}],"curies":[{"name":"wp","href":"https:\/\/api.w.org\/{rel}","templated":true}]}}