{"id":3,"date":"2020-05-30T17:55:31","date_gmt":"2020-05-30T17:55:31","guid":{"rendered":"http:\/\/34.254.181.172\/?page_id=3"},"modified":"2022-08-27T18:01:14","modified_gmt":"2022-08-27T18:01:14","slug":"politica-privacidad-terminos-condiciones","status":"publish","type":"page","link":"https:\/\/tro-events.com\/index.php\/politica-privacidad-terminos-condiciones\/","title":{"rendered":"Pol\u00edtica de privacidad y T\u00e9rminos y Condiciones"},"content":{"rendered":"<div id=\"pl-3\"  class=\"panel-layout\" ><div id=\"pg-3-0\"  class=\"panel-grid panel-no-style\" ><div id=\"pgc-3-0-0\"  class=\"panel-grid-cell\" ><div id=\"panel-3-0-0-0\" class=\"so-panel widget widget_sow-headline panel-first-child\" data-index=\"0\" ><div\n\t\t\t\n\t\t\tclass=\"so-widget-sow-headline so-widget-sow-headline-default-079e04e89daf-3\"\n\t\t\t\n\t\t><div class=\"sow-headline-container \">\n\t\t\t\t\t\t\t<h1 class=\"sow-headline\">\n\t\t\t\t\t\tT\u00e9rminos y condiciones\t\t\t\t\t\t<\/h1>\n\t\t\t\t\t\t\t\t\t\t\t<div class=\"decoration\">\n\t\t\t\t\t\t<div class=\"decoration-inside\"><\/div>\n\t\t\t\t\t<\/div>\n\t\t\t\t\t<\/div>\n<\/div><\/div><div id=\"panel-3-0-0-1\" class=\"so-panel widget widget_sow-editor\" data-index=\"1\" ><div\n\t\t\t\n\t\t\tclass=\"so-widget-sow-editor so-widget-sow-editor-base\"\n\t\t\t\n\t\t>\n<div class=\"siteorigin-widget-tinymce textwidget\">\n\t<h3 style=\"text-align: justify;\">Participaci\u00f3n en eventos<\/h3>\n<p style=\"text-align: justify;\"><span style=\"font-weight: 400;\">Con la aceptaci\u00f3n de los t\u00e9rminos y condiciones declaro que estoy correctamente informado y acepto los riesgos que implica participar en una actividades de dichas caracter\u00edsticas (LARP), poniendo de manifiesto mi conformidad con las normas de convivencia indicadas en el dossier.\u00a0\u00a0<\/span><\/p>\n<p style=\"text-align: justify;\"><span style=\"font-weight: 400;\">Soy plenamente consciente de que en este tipo de eventos puede haber contacto f\u00edsico, no se ofrecen todas las comodidades y que cada participante es responsable de llevar todo lo que estime necesario para su comodidad, ya que la organizaci\u00f3n no se lo todo lo que estime necesario para su comodidad, ya que la organizaci\u00f3n no se proporcionar\u00e1.\u00a0<\/span><\/p>\n<p style=\"text-align: justify;\"><span style=\"font-weight: 400;\">\u00a0Al acudir al evento, asumo toda responsabilidad sobre mi persona y acepto que pueden ocurrir accidentes durante la realizaci\u00f3n del evento, siendo los participantes los responsables y no la organizaci\u00f3n.\u00a0\u00a0<\/span><\/p>\n<p style=\"text-align: justify;\"><span style=\"font-weight: 400;\">Asimismo, estoy de acuerdo con que la mejor forma de evitar estos sucesos es mediante Asimismo, estoy de acuerdo con que la mejor forma de evitar estos sucesos el uso de un correcto equipo y protecciones, as\u00ed como tomar las precauciones que estime necesarias ante una situaci\u00f3n de riesgo potencial, no exponi\u00e9ndome o estime necesarias ante una situaci\u00f3n de riesgo potencial, no exponi\u00e9ndome o exponiendo a otra persona a dicho peligro de forma voluntaria.\u00a0<\/span><\/p>\n<p style=\"text-align: justify;\"><span style=\"font-weight: 400;\">Adem\u00e1s, permito la obtenci\u00f3n y reproducci\u00f3n de material fotogr\u00e1fico y audiovisual de mi persona con fines promocionales para la Asociaci\u00f3n Treballs de Recreaci\u00f3 i Oci.<\/span><\/p>\n<p>&nbsp;<\/p>\n<h3 style=\"text-align: justify;\">Condiciones generales de la adquisici\u00f3n de entradas<\/h3>\n<h4 style=\"text-align: justify;\"><\/h4>\n<p style=\"text-align: justify;\"><span style=\"font-weight: 400;\">1) Una vez se adquiera la entrada, no podr\u00e1 ser cambiada ni ser\u00e1 posible su devoluci\u00f3n a no ser que la asociaci\u00f3n T.R.O haya indicado lo contrario o cancele el evento. La cancelaci\u00f3n, total o parcial, del evento por causas de fuerza mayor en ning\u00fan caso dar\u00e1 lugar a la devoluci\u00f3n del importe de la entrada.<\/span><\/p>\n<p style=\"text-align: justify;\"><span style=\"font-weight: 400;\">2) La asociaci\u00f3n T.R.O se reserva el derecho de alterar o modificar las fechas del evento pero se compromete a avisar de la debida forma.<\/span><\/p>\n<p style=\"text-align: justify;\"><span style=\"font-weight: 400;\">3) La asociaci\u00f3n T.R.O se reserva el derecho de admisi\u00f3n. En especial denegando el acceso o expulsando a aquellos ASISTENTES que:\u00a0<\/span><\/p>\n<p style=\"padding-left: 40px; text-align: justify;\"><span style=\"font-weight: 400;\">- No presenten su entrada cuando el organizador se lo requiera, ya sea en formato digital o impreso.<\/span><\/p>\n<p style=\"padding-left: 40px; text-align: justify;\"><span style=\"font-weight: 400;\">- Hayan modificado, manipulado, falsificado la entrada o la presenten deteriorada o sea ilegible.<\/span><\/p>\n<p style=\"padding-left: 40px; text-align: justify;\"><span style=\"font-weight: 400;\">- La entrada ya hubiera sido utilizada anteriormente.(Aplica si son entradas nominales) El titular de la entrada no coincidiera con el nombre del portador.<\/span><\/p>\n<p style=\"padding-left: 40px; text-align: justify;\"><span style=\"font-weight: 400;\">- (Aplica a eventos para para todos los p\u00fablicos) No entregue <\/span><a href=\"https:\/\/vivetix.com\/f\/p\/pf\/ejemplo-autorizacion-menores-edad\"><span style=\"font-weight: 400;\">la autorizaci\u00f3n<\/span><\/a><span style=\"font-weight: 400;\"> de su padre\/madre\/tutor o que sea menor de 16 a\u00f1os y a parte de la autorizaci\u00f3n, no vaya acompa\u00f1ado por su madre\/padre\/tutor\/responsable autorizado.<\/span><\/p>\n<p style=\"padding-left: 40px; text-align: justify;\"><span style=\"font-weight: 400;\">- Pueda racionalmente presumirse que va a implicar una situaci\u00f3n de riesgo o peligro para el mismo u otros, por alboroto o por estados de intoxicaci\u00f3n aparente o potencial, responsabiliz\u00e1ndose personalmente el portador en todos los casos con sus propias acciones y omisiones que causen lesiones a terceros o da\u00f1os a cosas.<\/span><\/p>\n<p style=\"padding-left: 40px; text-align: justify;\"><span style=\"font-weight: 400;\">- Que incumplan alguna de las normas de este documento, otras normas que el organizador haya expresado. Para lo cual se tomar\u00e1n las medidas oportunas como por ejemplo el registro para evitar portar objetos peligrosos.<\/span><\/p>\n<p style=\"text-align: justify;\">\n<\/div>\n<\/div><\/div><div id=\"panel-3-0-0-2\" class=\"so-panel widget widget_sow-headline\" data-index=\"2\" ><div\n\t\t\t\n\t\t\tclass=\"so-widget-sow-headline so-widget-sow-headline-default-079e04e89daf-3\"\n\t\t\t\n\t\t><div class=\"sow-headline-container \">\n\t\t\t\t\t\t\t<h1 class=\"sow-headline\">\n\t\t\t\t\t\tPol\u00edtica de privacidad\t\t\t\t\t\t<\/h1>\n\t\t\t\t\t\t\t\t\t\t\t<div class=\"decoration\">\n\t\t\t\t\t\t<div class=\"decoration-inside\"><\/div>\n\t\t\t\t\t<\/div>\n\t\t\t\t\t<\/div>\n<\/div><\/div><div id=\"panel-3-0-0-3\" class=\"so-panel widget widget_sow-editor\" data-index=\"3\" ><div\n\t\t\t\n\t\t\tclass=\"so-widget-sow-editor so-widget-sow-editor-base\"\n\t\t\t\n\t\t>\n<div class=\"siteorigin-widget-tinymce textwidget\">\n\t<p><!-- wp:heading --><\/p>\n<p><!-- \/wp:paragraph --><!-- wp:heading --><\/p>\n<h3 style=\"text-align: justify;\">Datos personales<\/h3>\n<p style=\"text-align: justify;\"><!-- \/wp:heading --><!-- wp:heading {\"level\":3} --><\/p>\n<h4 style=\"text-align: justify;\">Comentarios<\/h4>\n<p style=\"text-align: justify;\"><!-- \/wp:heading --><!-- wp:paragraph --><\/p>\n<p style=\"text-align: justify;\">Cuando los visitantes dejan comentarios en la web, recopilamos los datos que se muestran en el formulario de comentarios, as\u00ed como la direcci\u00f3n IP del visitante y la cadena de agentes de usuario del navegador para ayudar a la detecci\u00f3n de spam.<\/p>\n<p style=\"text-align: justify;\"><!-- \/wp:paragraph --><!-- wp:paragraph --><\/p>\n<p style=\"text-align: justify;\">Una cadena an\u00f3nima creada a partir de tu direcci\u00f3n de correo electr\u00f3nico (tambi\u00e9n llamada hash) puede ser proporcionada al servicio de Gravatar para ver si la est\u00e1s usando. La pol\u00edtica de privacidad del servicio Gravatar est\u00e1 disponible aqu\u00ed: https:\/\/automattic.com\/privacy\/. Despu\u00e9s de la aprobaci\u00f3n de tu comentario, la imagen de tu perfil es visible para el p\u00fablico en el contexto de tu comentario.<\/p>\n<p style=\"text-align: justify;\"><!-- \/wp:paragraph --><!-- wp:heading {\"level\":3} --><\/p>\n<h4 style=\"text-align: justify;\">Medios<\/h4>\n<p style=\"text-align: justify;\"><!-- \/wp:heading --><!-- wp:paragraph --><\/p>\n<p style=\"text-align: justify;\">Si subes im\u00e1genes a la web, deber\u00edas evitar subir im\u00e1genes con datos de ubicaci\u00f3n (GPS EXIF) incluidos. Los visitantes de la web pueden descargar y extraer cualquier dato de ubicaci\u00f3n de las im\u00e1genes de la web.<\/p>\n<p style=\"text-align: justify;\"><!-- \/wp:paragraph --><!-- wp:heading {\"level\":3} --><\/p>\n<h4 style=\"text-align: justify;\">Formularios de contacto<\/h4>\n<p style=\"text-align: justify;\"><!-- \/wp:heading --><!-- wp:heading {\"level\":3} --><\/p>\n<h4 style=\"text-align: justify;\">Cookies<\/h4>\n<p style=\"text-align: justify;\"><!-- \/wp:heading --><!-- wp:paragraph --><\/p>\n<p style=\"text-align: justify;\">Si dejas un comentario en nuestro sitio puedes elegir guardar tu nombre, direcci\u00f3n de correo electr\u00f3nico y web en cookies. Esto es para tu comodidad, para que no tengas que volver a rellenar tus datos cuando dejes otro comentario. Estas cookies tendr\u00e1n una duraci\u00f3n de un a\u00f1o.<\/p>\n<p style=\"text-align: justify;\"><!-- \/wp:paragraph --><!-- wp:paragraph --><\/p>\n<p style=\"text-align: justify;\">Si tienes una cuenta y te conectas a este sitio, instalaremos una cookie temporal para determinar si tu navegador acepta cookies. Esta cookie no contiene datos personales y se elimina al cerrar el navegador.<\/p>\n<p style=\"text-align: justify;\"><!-- \/wp:paragraph --><!-- wp:paragraph --><\/p>\n<p style=\"text-align: justify;\">Cuando accedas, tambi\u00e9n instalaremos varias cookies para guardar tu informaci\u00f3n de acceso y tus opciones de visualizaci\u00f3n de pantalla. Las cookies de acceso duran dos d\u00edas, y las cookies de opciones de pantalla duran un a\u00f1o. Si seleccionas \u00abRecu\u00e9rdarme\u00bb, tu acceso perdurar\u00e1 durante dos semanas. Si sales de tu cuenta, las cookies de acceso se eliminar\u00e1n.<\/p>\n<p style=\"text-align: justify;\"><!-- \/wp:paragraph --><!-- wp:paragraph --><\/p>\n<p style=\"text-align: justify;\">Si editas o publicas un art\u00edculo se guardar\u00e1 una cookie adicional en tu navegador. Esta cookie no incluye datos personales y simplemente indica el ID del art\u00edculo que acabas de editar. Caduca despu\u00e9s de 1 d\u00eda.<\/p>\n<p style=\"text-align: justify;\"><!-- \/wp:paragraph --><!-- wp:heading {\"level\":3} --><\/p>\n<h4 style=\"text-align: justify;\">Contenido incrustado de otros sitios web<\/h4>\n<p style=\"text-align: justify;\"><!-- \/wp:heading --><!-- wp:paragraph --><\/p>\n<p style=\"text-align: justify;\">Los art\u00edculos de este sitio pueden incluir contenido incrustado (por ejemplo, v\u00eddeos, im\u00e1genes, art\u00edculos, etc.). El contenido incrustado de otras webs se comporta exactamente de la misma manera que si el visitante hubiera visitado la otra web.<\/p>\n<p style=\"text-align: justify;\"><!-- \/wp:paragraph --><!-- wp:paragraph --><\/p>\n<p style=\"text-align: justify;\">Estas web pueden recopilar datos sobre ti, utilizar cookies, incrustar un seguimiento adicional de terceros, y supervisar tu interacci\u00f3n con ese contenido incrustado, incluido el seguimiento de tu interacci\u00f3n con el contenido incrustado si tienes una cuenta y est\u00e1s conectado a esa web.<\/p>\n<p style=\"text-align: justify;\"><!-- \/wp:paragraph --><!-- wp:heading {\"level\":3} --><\/p>\n<h4 style=\"text-align: justify;\">Anal\u00edtica<\/h4>\n<p style=\"text-align: justify;\"><!-- \/wp:heading --><!-- wp:heading --><\/p>\n<h3 style=\"text-align: justify;\">Con qui\u00e9n compartimos tus datos<\/h3>\n<p style=\"text-align: justify;\"><!-- \/wp:heading --><!-- wp:heading --><\/p>\n<h3 style=\"text-align: justify;\">Cu\u00e1nto tiempo conservamos tus datos<\/h3>\n<p style=\"text-align: justify;\"><!-- \/wp:heading --><!-- wp:paragraph --><\/p>\n<p style=\"text-align: justify;\">Si dejas un comentario, el comentario y sus metadatos se conservan indefinidamente. Esto es para que podamos reconocer y aprobar comentarios sucesivos autom\u00e1ticamente, en lugar de mantenerlos en una cola de moderaci\u00f3n.<\/p>\n<p style=\"text-align: justify;\"><!-- \/wp:paragraph --><!-- wp:paragraph --><\/p>\n<p style=\"text-align: justify;\">De los usuarios que se registran en nuestra web (si los hay), tambi\u00e9n almacenamos la informaci\u00f3n personal que proporcionan en su perfil de usuario. Todos los usuarios pueden ver, editar o eliminar su informaci\u00f3n personal en cualquier momento (excepto que no pueden cambiar su nombre de usuario). Los administradores de la web tambi\u00e9n pueden ver y editar esa informaci\u00f3n.<\/p>\n<p style=\"text-align: justify;\"><!-- \/wp:paragraph --><!-- wp:heading --><\/p>\n<h3 style=\"text-align: justify;\">Qu\u00e9 derechos tienes sobre tus datos<\/h3>\n<p style=\"text-align: justify;\"><!-- \/wp:heading --><!-- wp:paragraph --><\/p>\n<p style=\"text-align: justify;\">Si tienes una cuenta o has dejado comentarios en esta web, puedes solicitar recibir un archivo de exportaci\u00f3n de los datos personales que tenemos sobre ti, incluyendo cualquier dato que nos hayas proporcionado. Tambi\u00e9n puedes solicitar que eliminemos cualquier dato personal que tengamos sobre ti. Esto no incluye ning\u00fan dato que estemos obligados a conservar con fines administrativos, legales o de seguridad.<\/p>\n<p style=\"text-align: justify;\"><!-- \/wp:paragraph --><!-- wp:heading --><\/p>\n<h3 style=\"text-align: justify;\">D\u00f3nde enviamos tus datos<\/h3>\n<p style=\"text-align: justify;\"><!-- \/wp:heading --><!-- wp:paragraph --><\/p>\n<p style=\"text-align: justify;\">Los comentarios de los visitantes puede que los revise un servicio de detecci\u00f3n autom\u00e1tica de spam.<\/p>\n<p style=\"text-align: justify;\"><!-- \/wp:paragraph --><!-- wp:heading --><\/p>\n<h3 style=\"text-align: justify;\"><\/h3>\n<p><!-- \/wp:heading --><\/p>\n<\/div>\n<\/div><\/div><div id=\"panel-3-0-0-4\" class=\"so-panel widget widget_sow-image panel-last-child\" data-index=\"4\" ><div\n\t\t\t\n\t\t\tclass=\"so-widget-sow-image so-widget-sow-image-default-c67d20f9f743-3\"\n\t\t\t\n\t\t>\n\n<div class=\"sow-image-container\">\n\t\t<img loading=\"lazy\" decoding=\"async\" src=\"https:\/\/tro-events.com\/wp-content\/uploads\/2022\/07\/back_white_small.png\" width=\"300\" height=\"100\" srcset=\"https:\/\/tro-events.com\/wp-content\/uploads\/2022\/07\/back_white_small.png 600w, https:\/\/tro-events.com\/wp-content\/uploads\/2022\/07\/back_white_small-300x103.png 300w\" sizes=\"(max-width: 293px) 100vw, 293px\" alt=\"\" \t\tclass=\"so-widget-image\"\/>\n\t<\/div>\n\n<\/div><\/div><\/div><\/div><\/div>","protected":false},"excerpt":{"rendered":"<p>Participaci\u00f3n en eventos Con la aceptaci\u00f3n de los t\u00e9rminos y condiciones declaro que estoy correctamente informado y acepto los riesgos que implica participar en una actividades de dichas caracter\u00edsticas (LARP), poniendo de manifiesto mi conformidad con las normas de convivencia<\/p>\n","protected":false},"author":1,"featured_media":0,"parent":0,"menu_order":0,"comment_status":"closed","ping_status":"open","template":"page-templates\/page-builder.php","meta":{"footnotes":""},"inscripciones_activas":[],"_links":{"self":[{"href":"https:\/\/tro-events.com\/index.php\/wp-json\/wp\/v2\/pages\/3"}],"collection":[{"href":"https:\/\/tro-events.com\/index.php\/wp-json\/wp\/v2\/pages"}],"about":[{"href":"https:\/\/tro-events.com\/index.php\/wp-json\/wp\/v2\/types\/page"}],"author":[{"embeddable":true,"href":"https:\/\/tro-events.com\/index.php\/wp-json\/wp\/v2\/users\/1"}],"replies":[{"embeddable":true,"href":"https:\/\/tro-events.com\/index.php\/wp-json\/wp\/v2\/comments?post=3"}],"version-history":[{"count":14,"href":"https:\/\/tro-events.com\/index.php\/wp-json\/wp\/v2\/pages\/3\/revisions"}],"predecessor-version":[{"id":6391,"href":"https:\/\/tro-events.com\/index.php\/wp-json\/wp\/v2\/pages\/3\/revisions\/6391"}],"wp:attachment":[{"href":"https:\/\/tro-events.com\/index.php\/wp-json\/wp\/v2\/media?parent=3"}],"wp:term":[{"taxonomy":"inscripciones_activas","embeddable":true,"href":"https:\/\/tro-events.com\/index.php\/wp-json\/wp\/v2\/inscripciones_activas?post=3"}],"curies":[{"name":"wp","href":"https:\/\/api.w.org\/{rel}","templated":true}]}}