{"id":250,"date":"2016-04-11T06:46:28","date_gmt":"2016-04-11T06:46:28","guid":{"rendered":"http:\/\/demo.themegrill.com\/spacious\/shop\/"},"modified":"2024-04-21T11:31:16","modified_gmt":"2024-04-21T11:31:16","slug":"rolenvivo","status":"publish","type":"page","link":"https:\/\/tro-events.com\/index.php\/rolenvivo\/","title":{"rendered":"Rol En Vivo, \u00bfqu\u00e9 es?"},"content":{"rendered":"<div id=\"pl-250\"  class=\"panel-layout\" ><div id=\"pg-250-0\"  class=\"panel-grid panel-no-style\" ><div id=\"pgc-250-0-0\"  class=\"panel-grid-cell panel-grid-cell-empty\" ><\/div><div id=\"pgc-250-0-1\"  class=\"panel-grid-cell panel-grid-cell-mobile-last\" ><div id=\"panel-250-0-1-0\" class=\"so-panel widget widget_sow-editor panel-first-child\" data-index=\"0\" ><div\n\t\t\t\n\t\t\tclass=\"so-widget-sow-editor so-widget-sow-editor-base\"\n\t\t\t\n\t\t>\n<div class=\"siteorigin-widget-tinymce textwidget\">\n\t<h1 style=\"text-align: center;\"><span style=\"font-weight: 400;\">\u00a0\u00bfQu\u00e9 es el Rol en Vivo?<\/span><\/h1>\n<blockquote>\n<p id=\"tw-target-text\" class=\"tw-data-text tw-text-large tw-ta\" dir=\"ltr\" style=\"text-align: justify;\" data-placeholder=\"Traducci\u00f3n\"><span class=\"Y2IQFc\" lang=\"es\" style=\"color: #000000;\">Un juego de rol de acci\u00f3n en vivo (LARP) es una forma de juego de rol en el que los participantes representan f\u00edsicamente a sus personajes. Los jugadores persiguen objetivos dentro de un entorno ficticio representado por entornos del mundo real mientras interact\u00faan entre s\u00ed en el car\u00e1cter. El resultado de las acciones de los jugadores puede estar mediado por las reglas del juego o determinado por consenso entre los jugadores. Los organizadores de eventos, llamados gamemasters, deciden el entorno y las reglas que se utilizar\u00e1n y facilitan el juego.<\/span><\/p>\n<\/blockquote>\n<figure id=\"attachment_2516\" aria-describedby=\"caption-attachment-2516\" style=\"width: 300px\" class=\"wp-caption alignright\"><img loading=\"lazy\" decoding=\"async\" class=\"wp-image-2516 size-medium\" title=\"BattleTRO - XMas Edition\" src=\"https:\/\/www.tro-events.com\/wp-content\/uploads\/2022\/01\/tro_evento-300x225.jpg\" alt=\"\" width=\"300\" height=\"225\" srcset=\"https:\/\/tro-events.com\/wp-content\/uploads\/2022\/01\/tro_evento-300x225.jpg 300w, https:\/\/tro-events.com\/wp-content\/uploads\/2022\/01\/tro_evento-1024x769.jpg 1024w, https:\/\/tro-events.com\/wp-content\/uploads\/2022\/01\/tro_evento-768x577.jpg 768w, https:\/\/tro-events.com\/wp-content\/uploads\/2022\/01\/tro_evento-1536x1154.jpg 1536w, https:\/\/tro-events.com\/wp-content\/uploads\/2022\/01\/tro_evento-600x451.jpg 600w, https:\/\/tro-events.com\/wp-content\/uploads\/2022\/01\/tro_evento.jpg 2009w\" sizes=\"(max-width: 300px) 100vw, 300px\" \/><figcaption id=\"caption-attachment-2516\" class=\"wp-caption-text\"><span style=\"color: #000000;\">Escena de la partida BattleTRO - XMas Edition<\/span><\/figcaption><\/figure>\n<p style=\"text-align: justify;\"><span style=\"font-weight: 400;\">Si buscamos en <a href=\"https:\/\/en.wikipedia.org\/wiki\/Live_action_role-playing_game\">Wikipedia<\/a>\u00a0 qu\u00e9 es el rol en vivo nos encontraremos la definici\u00f3n que acabas de leer. Es una definici\u00f3n muy acertada de lo que promete el hobby a aquellos que lo integran y practican. Dentro del rol en vivo podemos encontrar multitud de formatos que permiten moldear la experiencia seg\u00fan las capacidades o inquietudes de cada uno.<\/span><\/p>\n<p style=\"text-align: justify;\"><span style=\"font-weight: 400;\">\u00a0<\/span><\/p>\n<h2 style=\"text-align: justify;\"><span style=\"font-weight: 400;\">\u00bfC\u00f3mo es una partida de rol en vivo?<\/span><\/h2>\n<p style=\"text-align: justify;\"><span style=\"font-weight: 400;\">Los estilos de partidas de rol pueden variar ampliamente, a grandes rasgos podemos encontrar desde partidas altamente estructuradas en las que los jugadores deben ce\u00f1irse estrictamente a sus roles, hasta partidas m\u00e1s abiertas y flexibles donde los jugadores pueden tener m\u00e1s libertad para explorar y tomar decisiones.<\/span><\/p>\n<p style=\"text-align: justify;\"><span style=\"font-weight: 400;\">En las partidas m\u00e1s estructuradas podr\u00edamos encontrar, por ejemplo, una representaci\u00f3n de una historia en la que los jugadores tienen roles muy definidos y deben interpretar sus personajes de manera fiel a la historia y la trama de la partida. Esto se ve com\u00fanmente en partidas de rol en vivo (LARP) y en algunos juegos de rol de mesa. En estas partidas, los jugadores tienen una lista de habilidades y atributos que deben utilizar para resolver desaf\u00edos y enfrentar situaciones en el juego.<\/span><\/p>\n<p style=\"text-align: justify;\"><span style=\"font-weight: 400;\">En el lado opuesto, en las partidas estilo \u201csandbox\u201d los organizadores del juego proporcionan un mundo de juego amplio y detallado, pero no tienen una trama predeterminada que los jugadores deben seguir. Los jugadores son libres de explorar y tomar decisiones que afecten al mundo de juego y a la trama de la historia, y pueden trabajar juntos o en grupos m\u00e1s peque\u00f1os para alcanzar sus objetivos.<\/span><\/p>\n<p style=\"text-align: justify;\"><span style=\"font-weight: 400;\">En cualquier caso, los juegos de rol son una forma de contar historias cooperativas, y la diversi\u00f3n se encuentra en explorar las posibilidades que ofrece el juego y las decisiones que toman los personajes durante el transcurso de las partidas.<\/span><\/p>\n<p style=\"text-align: justify;\"><span style=\"font-weight: 400;\">\u00a0<\/span><\/p>\n<h2 style=\"text-align: justify;\"><span style=\"font-weight: 400;\">\u00bfHay roles en vivo de todas las tem\u00e1ticas?<\/span><\/h2>\n<p style=\"text-align: justify;\"><span style=\"font-weight: 400;\">Hay muchos tipos diferentes de LARP, algunos se basan en la fantas\u00eda, como el mundo de Dungeons and Dragons, Aquelarre, \u2026 mientras que otros se basan en la ciencia ficci\u00f3n, el horror o incluso en eventos hist\u00f3ricos. Algunos roles en vivo tambi\u00e9n pueden incluir elementos de estrategia, pol\u00edtica y diplomacia, lo que significa que los jugadores deben trabajar juntos para alcanzar objetivos en lugar de simplemente luchar.<\/span><\/p>\n<p style=\"text-align: justify;\"><span style=\"font-weight: 400;\">En T.R.O, por ejemplo, nos centramos en la tem\u00e1tica fant\u00e1stica medieval (Legacies y BattleTROs) y post apocal\u00edptica (Distopik A.D.)<\/span><\/p>\n<p style=\"text-align: justify;\"><span style=\"font-weight: 400;\">Para descubrir m\u00e1s acerca de nuestras actividades te recomendamos que visites:<\/span><\/p>\n<p style=\"text-align: justify;\"><span style=\"font-weight: 400;\"><a href=\"https:\/\/tro-events.com\/index.php\/battletro\/\">BattleTROs<\/a>: perfectos para una primera toma de contacto<\/span><\/p>\n<p style=\"text-align: justify;\"><span style=\"font-weight: 400;\"><a href=\"https:\/\/tro-events.com\/index.php\/legacies-main\/\">Legacies<\/a>: sum\u00e9rgete en el universo de Legacies y crea tu propia aventura en un modo de juego <\/span><i><span style=\"font-weight: 400;\">sandbox<\/span><\/i><\/p>\n<p style=\"text-align: justify;\"><span style=\"font-weight: 400;\"><a href=\"https:\/\/tro-events.com\/index.php\/distopik\/\">Distopik A.D.<\/a>: sobrevivir\u00edas en un mundo post apocal\u00edptico? \u00a1Desc\u00fabrelo!<\/span><\/p>\n<p style=\"text-align: justify;\"><span style=\"font-weight: 400;\">\u00a0\u00a0<\/span><\/p>\n<p style=\"text-align: justify;\"><span style=\"font-weight: 400;\">\u00a0<\/span><\/p>\n<h2 style=\"text-align: justify;\"><span style=\"font-weight: 400;\">\u00bfCada partida de rol tiene sus propias reglas?<\/span><\/h2>\n<p style=\"text-align: justify;\"><span style=\"font-weight: 400;\">Cada partida de rol en vivo puede tener sus propias reglas y mec\u00e1nicas, que pueden variar dependiendo de la tem\u00e1tica, el enfoque y los objetivos de la partida. Estas reglas pueden incluir cosas como el uso de habilidades o poderes, la interpretaci\u00f3n de personajes y situaciones, el combate, la interacci\u00f3n social, entre otros aspectos.<\/span><\/p>\n<p style=\"text-align: justify;\"><span style=\"font-weight: 400;\">En general, las reglas de una partida de rol en vivo deben ser claras y comunicadas con anticipaci\u00f3n a los participantes, para que todos puedan entenderlas y seguirlas durante el transcurso del juego. Adem\u00e1s, es importante que las reglas sean justas e inclusivas, y que se apliquen de manera consistente y equitativa para todos los jugadores.<\/span><\/p>\n<p style=\"text-align: justify;\"><span style=\"font-weight: 400;\">En algunos casos, las partidas de rol en vivo pueden basarse en sistemas de reglas preexistentes, como, por ejemplo, el sistema de reglas de Dungeons &amp; Dragons o de otros juegos de rol. En otros casos, los organizadores pueden crear sus propias reglas y mec\u00e1nicas para la partida en particular.<\/span><\/p>\n<p style=\"text-align: justify;\"><span style=\"font-weight: 400;\">En las partidas que organiza T.R.O el reglamento a seguir var\u00eda seg\u00fan la tem\u00e1tica:<\/span><\/p>\n<ul style=\"text-align: justify;\">\n<li><span style=\"font-weight: 400;\">Legacies y BattleTROs: Live Adventures m\u00e1s las mec\u00e1nicas a\u00f1adidas c\u00f3mo la recolecci\u00f3n de recursos y todo lo relacionado con ello<\/span><\/li>\n<li><span style=\"font-weight: 400;\">Distopik A.D: reglamento propio basado en Live Adventure con las modificaciones necesarias.<\/span><\/li>\n<\/ul>\n<p>\u00bfEn rol en vivo puedo interpretar el personaje que quiera y c\u00f3mo quiera?<\/p>\n<p>Si bien es cierto que en las aprtidas tipo sandbox que organizamos en T.R.O existe mucha libertad en cuanto a la creaci\u00f3n de personajes tenemos ciertas gu\u00edas que te pueden ayudar a crear un personaje con el que vivir trepidantes aventuras. Puedes encontrar la gu\u00eda\u00a0 aqu\u00ed:<\/p>\n<h3><\/h3>\n<h3 style=\"text-align: center;\"><a href=\"https:\/\/tro-events.com\/index.php\/2023\/04\/15\/guia-de-interpretacion-en-partidas-organizadas-por-t-r-o\/\">Gu\u00eda de interpretaci\u00f3n para partidas organizadas por T.R.O<\/a><\/h3>\n<p>&nbsp;<\/p>\n<p>&nbsp;<\/p>\n<\/div>\n<\/div><\/div><div id=\"panel-250-0-1-1\" class=\"so-panel widget widget_sow-editor panel-last-child\" data-index=\"1\" ><div\n\t\t\t\n\t\t\tclass=\"so-widget-sow-editor so-widget-sow-editor-base\"\n\t\t\t\n\t\t><h3 class=\"widget-title\">Reglamentos<\/h3>\n<div class=\"siteorigin-widget-tinymce textwidget\">\n\t<blockquote>\n<p><span style=\"color: #000000;\">Reglamento Legacies -\u00a0 <a style=\"color: #000000;\" href=\"https:\/\/tro-events.com\/wp-content\/uploads\/2024\/02\/Reglamento-Legacies_v1.pdf\">Clica Aqu\u00ed<\/a><\/span><\/p>\n<\/blockquote>\n<\/div>\n<\/div><\/div><\/div><div id=\"pgc-250-0-2\"  class=\"panel-grid-cell panel-grid-cell-empty\" ><\/div><\/div><\/div>","protected":false},"excerpt":{"rendered":"<p>\u00a0\u00bfQu\u00e9 es el Rol en Vivo? Un juego de rol de acci\u00f3n en vivo (LARP) es una forma de juego de rol en el que los participantes representan f\u00edsicamente a sus personajes. Los jugadores persiguen objetivos dentro de un entorno<\/p>\n","protected":false},"author":1,"featured_media":0,"parent":0,"menu_order":0,"comment_status":"closed","ping_status":"closed","template":"","meta":{"footnotes":""},"inscripciones_activas":[],"_links":{"self":[{"href":"https:\/\/tro-events.com\/index.php\/wp-json\/wp\/v2\/pages\/250"}],"collection":[{"href":"https:\/\/tro-events.com\/index.php\/wp-json\/wp\/v2\/pages"}],"about":[{"href":"https:\/\/tro-events.com\/index.php\/wp-json\/wp\/v2\/types\/page"}],"author":[{"embeddable":true,"href":"https:\/\/tro-events.com\/index.php\/wp-json\/wp\/v2\/users\/1"}],"replies":[{"embeddable":true,"href":"https:\/\/tro-events.com\/index.php\/wp-json\/wp\/v2\/comments?post=250"}],"version-history":[{"count":25,"href":"https:\/\/tro-events.com\/index.php\/wp-json\/wp\/v2\/pages\/250\/revisions"}],"predecessor-version":[{"id":5812,"href":"https:\/\/tro-events.com\/index.php\/wp-json\/wp\/v2\/pages\/250\/revisions\/5812"}],"wp:attachment":[{"href":"https:\/\/tro-events.com\/index.php\/wp-json\/wp\/v2\/media?parent=250"}],"wp:term":[{"taxonomy":"inscripciones_activas","embeddable":true,"href":"https:\/\/tro-events.com\/index.php\/wp-json\/wp\/v2\/inscripciones_activas?post=250"}],"curies":[{"name":"wp","href":"https:\/\/api.w.org\/{rel}","templated":true}]}}