{"id":2236,"date":"2021-12-13T20:06:44","date_gmt":"2021-12-13T20:06:44","guid":{"rendered":"https:\/\/www.tro-events.com\/?page_id=2236"},"modified":"2022-08-10T13:40:07","modified_gmt":"2022-08-10T13:40:07","slug":"preludium","status":"publish","type":"page","link":"https:\/\/tro-events.com\/index.php\/preludium\/","title":{"rendered":"Preludium"},"content":{"rendered":"<div id=\"pl-2236\"  class=\"panel-layout\" ><div id=\"pg-2236-0\"  class=\"panel-grid panel-has-style\" ><div class=\"panel-row-style panel-row-style-for-2236-0\" ><div id=\"pgc-2236-0-0\"  class=\"panel-grid-cell\" ><div id=\"panel-2236-0-0-0\" class=\"so-panel widget widget_siteorigin-panels-builder panel-first-child panel-last-child\" data-index=\"0\" ><div class=\"panel-widget-style panel-widget-style-for-2236-0-0-0\" ><div id=\"pl-w62f3b53731f0d\"  class=\"panel-layout\" ><div id=\"pg-w62f3b53731f0d-0\"  class=\"panel-grid panel-no-style\" ><div id=\"pgc-w62f3b53731f0d-0-0\"  class=\"panel-grid-cell panel-grid-cell-empty\" ><\/div><div id=\"pgc-w62f3b53731f0d-0-1\"  class=\"panel-grid-cell panel-grid-cell-mobile-last\" ><div id=\"panel-w62f3b53731f0d-0-1-0\" class=\"so-panel widget widget_sow-image panel-first-child panel-last-child\" data-index=\"0\" ><div\n\t\t\t\n\t\t\tclass=\"so-widget-sow-image so-widget-sow-image-default-c67d20f9f743\"\n\t\t\t\n\t\t>\n\n<div class=\"sow-image-container\">\n\t\t<img loading=\"lazy\" decoding=\"async\" src=\"https:\/\/tro-events.com\/wp-content\/uploads\/2021\/12\/BANNER_PRELUDIUM.png\" width=\"3256\" height=\"1023\" srcset=\"https:\/\/tro-events.com\/wp-content\/uploads\/2021\/12\/BANNER_PRELUDIUM.png 3256w, https:\/\/tro-events.com\/wp-content\/uploads\/2021\/12\/BANNER_PRELUDIUM-300x94.png 300w, https:\/\/tro-events.com\/wp-content\/uploads\/2021\/12\/BANNER_PRELUDIUM-1024x322.png 1024w, https:\/\/tro-events.com\/wp-content\/uploads\/2021\/12\/BANNER_PRELUDIUM-768x241.png 768w, https:\/\/tro-events.com\/wp-content\/uploads\/2021\/12\/BANNER_PRELUDIUM-1536x483.png 1536w, https:\/\/tro-events.com\/wp-content\/uploads\/2021\/12\/BANNER_PRELUDIUM-2048x643.png 2048w, https:\/\/tro-events.com\/wp-content\/uploads\/2021\/12\/BANNER_PRELUDIUM-600x189.png 600w\" sizes=\"(max-width: 3256px) 100vw, 3256px\" alt=\"\" \t\tclass=\"so-widget-image\"\/>\n\t<\/div>\n\n<\/div><\/div><\/div><div id=\"pgc-w62f3b53731f0d-0-2\"  class=\"panel-grid-cell panel-grid-cell-empty\" ><\/div><\/div><div id=\"pg-w62f3b53731f0d-1\"  class=\"panel-grid panel-has-style\" ><div class=\"panel-row-style panel-row-style-for-w62f3b53731f0d-1\" ><div id=\"pgc-w62f3b53731f0d-1-0\"  class=\"panel-grid-cell panel-grid-cell-empty\" ><\/div><div id=\"pgc-w62f3b53731f0d-1-1\"  class=\"panel-grid-cell panel-grid-cell-mobile-last\" ><div id=\"panel-w62f3b53731f0d-1-1-0\" class=\"so-panel widget widget_sow-editor panel-first-child panel-last-child\" data-index=\"1\" ><div class=\"panel-widget-style panel-widget-style-for-w62f3b53731f0d-1-1-0\" ><div\n\t\t\t\n\t\t\tclass=\"so-widget-sow-editor so-widget-sow-editor-base\"\n\t\t\t\n\t\t>\n<div class=\"siteorigin-widget-tinymce textwidget\">\n\t<p style=\"text-align: center;\"><span style=\"color: #000000;\"><strong><em>Vosotros sois la avanzadilla de vuestras facciones, los primeros peregrinos en busca de una tierra maldita. Esta responsabilidad recae sobre vuestros hombros desde vuestra partida y la carga empieza a ser pesada.<\/em><\/strong><\/span><\/p>\n<p style=\"text-align: center;\"><span style=\"color: #000000;\"><strong><em>Se hallan en vuestro poder las instrucciones enviadas por vuestro Campe\u00f3n. En ellas encontrar\u00e9is gu\u00eda y consejo, pero tambi\u00e9n misiones que cumplir. De vuestro informe depende el \u00e9xito en el avance de los refuerzos y posterior ocupaci\u00f3n de Arrescan.<\/em><\/strong><\/span><\/p>\n<p style=\"text-align: center;\"><span style=\"color: #000000;\"><strong><em>En vuestro itinerario hay un punto cuidadosamente marcado que se\u00f1ala la pr\u00f3xima parada; una posada ubicada en una pedan\u00eda en tierra de nadie, aguarda en el linde del r\u00edo y se accede a ella por un \u00fanico paso: un viejo puente de piedra.<\/em><\/strong><\/span><\/p>\n<p style=\"text-align: center;\"><span style=\"color: #000000;\"><strong><em>Durante la traves\u00eda hab\u00e9is escuchado algunas historias sobre el lugar, unos afirman que es el \u00fanico punto de avituallamiento antes de aventurarse en las tierras ignotas de Arrescan. Pero tambi\u00e9n otros recelan del enclave. Aferr\u00e1ndose a una fuerte superstici\u00f3n popular que ha calado generaci\u00f3n tras generaci\u00f3n, d\u00e1ndole una aureola especialmente siniestra al emplazamiento. Tambi\u00e9n hab\u00e9is advertido que no viaj\u00e1is solos. Hay otros grupos de viajeros ,muy variopintos entre ellos, que parecen tomar tambi\u00e9n el camino a la posada. La luz se desvanece paulatinamente con el paso de las horas y en vuestra cabeza empieza a aparecer la duda. Quiz\u00e1 en los \u00faltimos pasos de monta\u00f1a no hab\u00e9is interpretado bien los mapas, o las lluvias han borrado parcialmente el sendero correcto. Quiz\u00e1 simplemente os hab\u00e9is perdido.<\/em><\/strong><\/span><\/p>\n<p style=\"text-align: center;\"><span style=\"color: #000000;\"><strong><em>Chapoteando en el barro, a ciegas en la oscuridad y con el fr\u00edo helando el alma, un peque\u00f1o foco de luz se vislumbra entre la negrura. Al avanzar mec\u00e1nicamente hacia el haz, las sombras van tomando forma, una forma a\u00fan difusa pero extra\u00f1amente familiar. Por fin, los viejos muros de una construcci\u00f3n robusta aparecen ante vuestros ojos como si apenas unos segundos antes no hubieran estado all\u00ed. En seguida los aromas que se desprenden de lo que parece una gran casa con acceso por un viejo puente de piedra embargan vuestros sentidos y os atraen a hacia ella con la promesa de un fuego acogedor.<\/em><\/strong><\/span><\/p>\n<p style=\"text-align: center;\"><span style=\"color: #000000;\"><strong><em>Bienvenidos se\u00e1is intr\u00e9pidos viajeros.<\/em><\/strong><\/span><\/p>\n<\/div>\n<\/div><\/div><\/div><\/div><div id=\"pgc-w62f3b53731f0d-1-2\"  class=\"panel-grid-cell panel-grid-cell-empty\" ><\/div><\/div><\/div><div id=\"pg-w62f3b53731f0d-2\"  class=\"panel-grid panel-no-style\" ><div id=\"pgc-w62f3b53731f0d-2-0\"  class=\"panel-grid-cell\" ><div id=\"panel-w62f3b53731f0d-2-0-0\" class=\"so-panel widget widget_sow-image panel-first-child panel-last-child\" data-index=\"2\" ><div\n\t\t\t\n\t\t\tclass=\"so-widget-sow-image so-widget-sow-image-default-c67d20f9f743\"\n\t\t\t\n\t\t>\n\n<div class=\"sow-image-container\">\n\t\t<img loading=\"lazy\" decoding=\"async\" src=\"https:\/\/tro-events.com\/wp-content\/uploads\/2021\/09\/separador_que_encuentro.png\" width=\"960\" height=\"162\" srcset=\"https:\/\/tro-events.com\/wp-content\/uploads\/2021\/09\/separador_que_encuentro.png 960w, https:\/\/tro-events.com\/wp-content\/uploads\/2021\/09\/separador_que_encuentro-300x51.png 300w, https:\/\/tro-events.com\/wp-content\/uploads\/2021\/09\/separador_que_encuentro-768x130.png 768w, https:\/\/tro-events.com\/wp-content\/uploads\/2021\/09\/separador_que_encuentro-600x101.png 600w\" sizes=\"(max-width: 960px) 100vw, 960px\" alt=\"\" \t\tclass=\"so-widget-image\"\/>\n\t<\/div>\n\n<\/div><\/div><\/div><\/div><div id=\"pg-w62f3b53731f0d-3\"  class=\"panel-grid panel-has-style\" ><div class=\"panel-row-style panel-row-style-for-w62f3b53731f0d-3\" ><div id=\"pgc-w62f3b53731f0d-3-0\"  class=\"panel-grid-cell panel-grid-cell-empty\" ><\/div><div id=\"pgc-w62f3b53731f0d-3-1\"  class=\"panel-grid-cell panel-grid-cell-mobile-last\" ><div id=\"panel-w62f3b53731f0d-3-1-0\" class=\"so-panel widget widget_sow-editor panel-first-child panel-last-child\" data-index=\"3\" ><div class=\"panel-widget-style panel-widget-style-for-w62f3b53731f0d-3-1-0\" ><div\n\t\t\t\n\t\t\tclass=\"so-widget-sow-editor so-widget-sow-editor-base\"\n\t\t\t\n\t\t>\n<div class=\"siteorigin-widget-tinymce textwidget\">\n\t<p style=\"text-align: center;\"><span style=\"font-weight: 400; color: #000000;\">Aqu\u00ed empieza todo. \u00c9ste es el origen de LEGACIES, nuestra Saga \u00c9pica Medieval Fant\u00e1stica de continuidad que nos llevar\u00e1 a tierras inexploradas y enclaves a\u00fan por descubrir. Esta es la oportunidad de ser testigo del inicio de esta gran aventura y de empezar a forjar vuestra propia leyenda. Conf\u00eda en tu acero y entrena tus habilidades pues los Dioses hace mucho que ya no escuchan.<\/span><\/p>\n<p style=\"text-align: center;\"><span style=\"font-weight: 400; color: #000000;\">Bienvenidos a \u201cEl Puente de los Hu\u00e9rfanos\u201d<\/span><\/p>\n<p>&nbsp;<\/p>\n<div class=\"cxmmr5t8 oygrvhab hcukyx3x c1et5uql o9v6fnle ii04i59q\">\n<div dir=\"auto\"><\/div>\n<div dir=\"auto\"><span style=\"color: #000000;\">Habr\u00e1 40 plazas de jugadores que se dividen en:<\/span><\/div>\n<div dir=\"auto\"><\/div>\n<ul>\n<li dir=\"auto\"><span style=\"color: #000000;\">- 29 plazas que dormir\u00e1n en la Masia- Albergue,<\/span><\/li>\n<li dir=\"auto\"><span style=\"color: #000000;\">- 8 plazas que se dividir\u00e1n en 2 Caravanas para dormir y<\/span><\/li>\n<li dir=\"auto\"><span style=\"color: #000000;\">- 3 plazas para jugadores que dormir\u00e1n en tienda proporcionada por la organizaci\u00f3n.<\/span><\/li>\n<\/ul>\n<p>&nbsp;<\/p>\n<\/div>\n<div class=\"cxmmr5t8 oygrvhab hcukyx3x c1et5uql o9v6fnle ii04i59q\">\n<div dir=\"auto\"><span style=\"color: #000000;\">Las dietas del evento son opcionales, aunque son 100% recomendables para una mayor inmersi\u00f3n ya que la taberna ser\u00e1 completamente InGame. todos los men\u00fas los cocinar\u00e1 el Warchef Sogo.<\/span><\/div>\n<\/div>\n<div class=\"cxmmr5t8 oygrvhab hcukyx3x c1et5uql o9v6fnle ii04i59q\">\n<div dir=\"auto\"><span style=\"color: #000000;\">Pr\u00f3ximamente m\u00e1s informaci\u00f3n!<\/span><\/div>\n<\/div>\n<\/div>\n<\/div><\/div><\/div><\/div><div id=\"pgc-w62f3b53731f0d-3-2\"  class=\"panel-grid-cell panel-grid-cell-empty\" ><\/div><\/div><\/div><div id=\"pg-w62f3b53731f0d-4\"  class=\"panel-grid panel-no-style\" ><div id=\"pgc-w62f3b53731f0d-4-0\"  class=\"panel-grid-cell\" ><div id=\"panel-w62f3b53731f0d-4-0-0\" class=\"so-panel widget widget_sow-image panel-first-child panel-last-child\" data-index=\"4\" ><div\n\t\t\t\n\t\t\tclass=\"so-widget-sow-image so-widget-sow-image-default-c67d20f9f743\"\n\t\t\t\n\t\t>\n\n<div class=\"sow-image-container\">\n\t\t<img loading=\"lazy\" decoding=\"async\" src=\"https:\/\/tro-events.com\/wp-content\/uploads\/2021\/09\/separador_cuando.png\" width=\"960\" height=\"162\" srcset=\"https:\/\/tro-events.com\/wp-content\/uploads\/2021\/09\/separador_cuando.png 960w, https:\/\/tro-events.com\/wp-content\/uploads\/2021\/09\/separador_cuando-300x51.png 300w, https:\/\/tro-events.com\/wp-content\/uploads\/2021\/09\/separador_cuando-768x130.png 768w, https:\/\/tro-events.com\/wp-content\/uploads\/2021\/09\/separador_cuando-600x101.png 600w\" sizes=\"(max-width: 960px) 100vw, 960px\" alt=\"\" \t\tclass=\"so-widget-image\"\/>\n\t<\/div>\n\n<\/div><\/div><\/div><\/div><div id=\"pg-w62f3b53731f0d-5\"  class=\"panel-grid panel-has-style\" ><div class=\"panel-row-style panel-row-style-for-w62f3b53731f0d-5\" ><div id=\"pgc-w62f3b53731f0d-5-0\"  class=\"panel-grid-cell panel-grid-cell-empty\" ><\/div><div id=\"pgc-w62f3b53731f0d-5-1\"  class=\"panel-grid-cell\" ><div id=\"panel-w62f3b53731f0d-5-1-0\" class=\"so-panel widget widget_sow-image panel-first-child panel-last-child\" data-index=\"5\" ><div\n\t\t\t\n\t\t\tclass=\"so-widget-sow-image so-widget-sow-image-default-8b5b6f678277\"\n\t\t\t\n\t\t>\n\n<div class=\"sow-image-container\">\n\t\t<img loading=\"lazy\" decoding=\"async\" src=\"https:\/\/tro-events.com\/wp-content\/uploads\/2021\/12\/fecha-1.png\" width=\"840\" height=\"737\" srcset=\"https:\/\/tro-events.com\/wp-content\/uploads\/2021\/12\/fecha-1.png 840w, https:\/\/tro-events.com\/wp-content\/uploads\/2021\/12\/fecha-1-300x263.png 300w, https:\/\/tro-events.com\/wp-content\/uploads\/2021\/12\/fecha-1-768x674.png 768w, https:\/\/tro-events.com\/wp-content\/uploads\/2021\/12\/fecha-1-600x526.png 600w\" sizes=\"(max-width: 840px) 100vw, 840px\" title=\"fecha\" alt=\"\" \t\tclass=\"so-widget-image\"\/>\n\t<\/div>\n\n<\/div><\/div><\/div><div id=\"pgc-w62f3b53731f0d-5-2\"  class=\"panel-grid-cell panel-grid-cell-mobile-last\" ><div id=\"panel-w62f3b53731f0d-5-2-0\" class=\"so-panel widget widget_sow-editor panel-first-child panel-last-child\" data-index=\"6\" ><div class=\"panel-widget-style panel-widget-style-for-w62f3b53731f0d-5-2-0\" ><div\n\t\t\t\n\t\t\tclass=\"so-widget-sow-editor so-widget-sow-editor-base\"\n\t\t\t\n\t\t>\n<div class=\"siteorigin-widget-tinymce textwidget\">\n\t<p>&nbsp;<\/p>\n<div class=\"cxmmr5t8 oygrvhab hcukyx3x c1et5uql o9v6fnle ii04i59q\">\n<div dir=\"auto\">\u00bfCu\u00e1ndo? este evento se celebrar\u00e1 del 25 al 27 de marzo de 2022.<\/div>\n<div dir=\"auto\">\u00bfD\u00f3nde? en la maravillosa ubicaci\u00f3n del <a href=\"https:\/\/goo.gl\/maps\/chX4eec2SDBRtjvn9\">Camping el Pont, situado en Vilanova de Sau (Osona)<\/a>.<\/div>\n<\/div>\n<div class=\"cxmmr5t8 oygrvhab hcukyx3x c1et5uql o9v6fnle ii04i59q\"><\/div>\n<div class=\"cxmmr5t8 oygrvhab hcukyx3x c1et5uql o9v6fnle ii04i59q\">\n<div dir=\"auto\"><\/div>\n<\/div>\n<\/div>\n<\/div><\/div><\/div><\/div><div id=\"pgc-w62f3b53731f0d-5-3\"  class=\"panel-grid-cell panel-grid-cell-empty\" ><\/div><\/div><\/div><div id=\"pg-w62f3b53731f0d-6\"  class=\"panel-grid panel-no-style\" ><div id=\"pgc-w62f3b53731f0d-6-0\"  class=\"panel-grid-cell\" ><div id=\"panel-w62f3b53731f0d-6-0-0\" class=\"so-panel widget widget_sow-image panel-first-child panel-last-child\" data-index=\"7\" ><div\n\t\t\t\n\t\t\tclass=\"so-widget-sow-image so-widget-sow-image-default-c67d20f9f743\"\n\t\t\t\n\t\t>\n\n<div class=\"sow-image-container\">\n\t\t\t<a href=\"https:\/\/www.tro-events.com\/index.php\/2022\/01\/14\/inscripciones-preludium\/\"\n\t\t\t\t\t>\n\t\t\t<img loading=\"lazy\" decoding=\"async\" src=\"https:\/\/tro-events.com\/wp-content\/uploads\/2021\/09\/inscripciones.png\" width=\"960\" height=\"260\" srcset=\"https:\/\/tro-events.com\/wp-content\/uploads\/2021\/09\/inscripciones.png 960w, https:\/\/tro-events.com\/wp-content\/uploads\/2021\/09\/inscripciones-300x81.png 300w, https:\/\/tro-events.com\/wp-content\/uploads\/2021\/09\/inscripciones-768x208.png 768w, https:\/\/tro-events.com\/wp-content\/uploads\/2021\/09\/inscripciones-600x163.png 600w\" sizes=\"(max-width: 960px) 100vw, 960px\" alt=\"\" \t\tclass=\"so-widget-image\"\/>\n\t<\/a><\/div>\n\n<\/div><\/div><\/div><\/div><\/div><\/div><\/div><\/div><\/div><\/div><\/div>","protected":false},"excerpt":{"rendered":"<p>Vosotros sois la avanzadilla de vuestras facciones, los primeros peregrinos en busca de una tierra maldita. Esta responsabilidad recae sobre vuestros hombros desde vuestra partida y la carga empieza a ser pesada. Se hallan en vuestro poder las instrucciones enviadas<\/p>\n","protected":false},"author":1,"featured_media":513,"parent":0,"menu_order":0,"comment_status":"closed","ping_status":"closed","template":"page-templates\/page-builder.php","meta":{"footnotes":""},"inscripciones_activas":[],"_links":{"self":[{"href":"https:\/\/tro-events.com\/index.php\/wp-json\/wp\/v2\/pages\/2236"}],"collection":[{"href":"https:\/\/tro-events.com\/index.php\/wp-json\/wp\/v2\/pages"}],"about":[{"href":"https:\/\/tro-events.com\/index.php\/wp-json\/wp\/v2\/types\/page"}],"author":[{"embeddable":true,"href":"https:\/\/tro-events.com\/index.php\/wp-json\/wp\/v2\/users\/1"}],"replies":[{"embeddable":true,"href":"https:\/\/tro-events.com\/index.php\/wp-json\/wp\/v2\/comments?post=2236"}],"version-history":[{"count":54,"href":"https:\/\/tro-events.com\/index.php\/wp-json\/wp\/v2\/pages\/2236\/revisions"}],"predecessor-version":[{"id":3192,"href":"https:\/\/tro-events.com\/index.php\/wp-json\/wp\/v2\/pages\/2236\/revisions\/3192"}],"wp:featuredmedia":[{"embeddable":true,"href":"https:\/\/tro-events.com\/index.php\/wp-json\/wp\/v2\/media\/513"}],"wp:attachment":[{"href":"https:\/\/tro-events.com\/index.php\/wp-json\/wp\/v2\/media?parent=2236"}],"wp:term":[{"taxonomy":"inscripciones_activas","embeddable":true,"href":"https:\/\/tro-events.com\/index.php\/wp-json\/wp\/v2\/inscripciones_activas?post=2236"}],"curies":[{"name":"wp","href":"https:\/\/api.w.org\/{rel}","templated":true}]}}