{"id":2,"date":"2020-05-30T17:55:31","date_gmt":"2020-05-30T17:55:31","guid":{"rendered":"http:\/\/34.254.181.172\/?page_id=2"},"modified":"2022-12-31T12:02:30","modified_gmt":"2022-12-31T12:02:30","slug":"battletro","status":"publish","type":"page","link":"https:\/\/tro-events.com\/index.php\/battletro\/","title":{"rendered":"Battletro"},"content":{"rendered":"<div id=\"pl-2\"  class=\"panel-layout\" ><div id=\"pg-2-0\"  class=\"panel-grid panel-no-style\" ><div id=\"pgc-2-0-0\"  class=\"panel-grid-cell\" ><div id=\"panel-2-0-0-0\" class=\"so-panel widget widget_sow-editor panel-first-child panel-last-child\" data-index=\"0\" ><div\n\t\t\t\n\t\t\tclass=\"so-widget-sow-editor so-widget-sow-editor-base\"\n\t\t\t\n\t\t>\n<div class=\"siteorigin-widget-tinymce textwidget\">\n\t<p><!-- wp:paragraph --><\/p>\n<p><span style=\"color: #000000;\">BattleTRO es un nuestro evento que evoluciona de los cl\u00e1sicos entrenos, es un dia para venir a jugar y probar el hobby.<\/span><\/p>\n<p><span style=\"color: #000000;\">Ambientado en la \u00e9poca de King Gunnar,con tu participaci\u00f3n ayudar\u00e1s en un peque\u00f1o conflicto dentro del Reino. Una historia breve, en la que participar\u00e1s en uno de los bandos y en las que se resolver\u00e1n con improperios, golpes y en escaramuzas y batallas por todo el lugar, dejando exhausto y tras acabar la jornada con una sonrisa en tu rostro.<\/span><\/p>\n<p><span style=\"color: #000000;\">Cinco ediciones realizadas con secuestros, explosiones e incontables combates para el recuerdo, menci\u00f3n especial al peque\u00f1o Battlefield que se form\u00f3 con tanta participaci\u00f3n en nuestra tercera edici\u00f3n.<\/span><\/p>\n<p><span style=\"color: #000000;\"><strong><em>\"Cualquier batalla es un buen lugar para forjar tu leyenda\"<\/em><\/strong><\/span><\/p>\n<p><span style=\"color: #000000;\">Si eres nuevo y\/o quieres probar el Hobby, BattleTRO es tu oportunidad para venir a disfrutar de buena jornada, \u00bfNo tienes equipaci\u00f3n? No te preocupes contacta con nosotros antes de un BattleTRO para poder alquilar material y disfrutar<\/span><\/p>\n<p><strong><a href=\"https:\/\/tro-events.com\/index.php\/2022\/12\/26\/battletro-xiii\/\">Pr\u00f3ximo Battletro aqu\u00ed!<\/a><\/strong><\/p>\n<p>&nbsp;<\/p>\n<p><!-- \/wp:paragraph --><\/p>\n<\/div>\n<\/div><\/div><\/div><\/div><\/div>","protected":false},"excerpt":{"rendered":"<p>BattleTRO es un nuestro evento que evoluciona de los cl\u00e1sicos entrenos, es un dia para venir a jugar y probar el hobby. Ambientado en la \u00e9poca de King Gunnar,con tu participaci\u00f3n ayudar\u00e1s en un peque\u00f1o conflicto dentro del Reino. Una<\/p>\n","protected":false},"author":1,"featured_media":0,"parent":0,"menu_order":0,"comment_status":"closed","ping_status":"open","template":"","meta":{"footnotes":""},"inscripciones_activas":[],"_links":{"self":[{"href":"https:\/\/tro-events.com\/index.php\/wp-json\/wp\/v2\/pages\/2"}],"collection":[{"href":"https:\/\/tro-events.com\/index.php\/wp-json\/wp\/v2\/pages"}],"about":[{"href":"https:\/\/tro-events.com\/index.php\/wp-json\/wp\/v2\/types\/page"}],"author":[{"embeddable":true,"href":"https:\/\/tro-events.com\/index.php\/wp-json\/wp\/v2\/users\/1"}],"replies":[{"embeddable":true,"href":"https:\/\/tro-events.com\/index.php\/wp-json\/wp\/v2\/comments?post=2"}],"version-history":[{"count":7,"href":"https:\/\/tro-events.com\/index.php\/wp-json\/wp\/v2\/pages\/2\/revisions"}],"predecessor-version":[{"id":4091,"href":"https:\/\/tro-events.com\/index.php\/wp-json\/wp\/v2\/pages\/2\/revisions\/4091"}],"wp:attachment":[{"href":"https:\/\/tro-events.com\/index.php\/wp-json\/wp\/v2\/media?parent=2"}],"wp:term":[{"taxonomy":"inscripciones_activas","embeddable":true,"href":"https:\/\/tro-events.com\/index.php\/wp-json\/wp\/v2\/inscripciones_activas?post=2"}],"curies":[{"name":"wp","href":"https:\/\/api.w.org\/{rel}","templated":true}]}}