{"id":19,"date":"2014-03-17T18:16:08","date_gmt":"2014-03-17T18:16:08","guid":{"rendered":"http:\/\/demo.themegrill.com\/spacious\/?page_id=19"},"modified":"2022-08-27T17:27:19","modified_gmt":"2022-08-27T17:27:19","slug":"eventos","status":"publish","type":"page","link":"https:\/\/tro-events.com\/index.php\/eventos\/","title":{"rendered":"Eventos"},"content":{"rendered":"<div id=\"pl-19\"  class=\"panel-layout\" ><div id=\"pg-19-0\"  class=\"panel-grid panel-has-style\" ><div class=\"panel-row-style panel-row-style-for-19-0\" ><div id=\"pgc-19-0-0\"  class=\"panel-grid-cell\" ><div id=\"panel-19-0-0-0\" class=\"so-panel widget widget_sow-editor panel-first-child\" data-index=\"0\" ><div class=\"panel-widget-style panel-widget-style-for-19-0-0-0\" ><div\n\t\t\t\n\t\t\tclass=\"so-widget-sow-editor so-widget-sow-editor-base\"\n\t\t\t\n\t\t><h3 class=\"widget-title\">Legacies<\/h3>\n<div class=\"siteorigin-widget-tinymce textwidget\">\n\t<p style=\"text-align: justify;\">Legacies es una partida de LARP (Live-Action Role PLaying Game) en forma de saga que permite al jugador formar parte de una facci\u00f3n y ayudar a conseguir sus objetivos. \u00c9stas necesitar\u00e1n de todas las habilidades que sus integrantes puedan aportar de forma cooperativa para conseguirlos. Ya sean eruditos, artesanos, guerreros o exploradores pasando por magos y alquimistas hasta casi cualquier personaje que se te ocurra, seguro que es bienvenido a la causa. Por supuesto tambi\u00e9n tendr\u00e1s la oportunidad de trazar tu propio camino y vivir tus aventuras, ya sea involucr\u00e1ndote en los entresijos sociales que ofrece el reciente emplazamiento y los nuevos campamentos, o explorando vastas extensiones de terreno plagadas de amenazas y recompensas.<\/p>\n<\/div>\n<\/div><\/div><\/div><div id=\"panel-19-0-0-1\" class=\"so-panel widget widget_sow-editor panel-last-child\" data-index=\"1\" ><div class=\"panel-widget-style panel-widget-style-for-19-0-0-1\" ><div\n\t\t\t\n\t\t\tclass=\"so-widget-sow-editor so-widget-sow-editor-base\"\n\t\t\t\n\t\t><h3 class=\"widget-title\">Legacies of...<\/h3>\n<div class=\"siteorigin-widget-tinymce textwidget\">\n\t<p style=\"text-align: justify;\">es una rama de Legacies en las que mediante distintas peque\u00f1as partidas te unir\u00e1s a una de las facciones de Legacies para disfrutar de la historia y los problemas que sucedan durante la partida.<\/p>\n<p style=\"text-align: justify;\">Quien sabe si t\u00fa ser\u00e1s un veterano de tu facci\u00f3n desde hace tiempo y a cuantos has perdido para llegar a Arrescan, los novatos de las expediciones no conocer\u00e1n el duro camino que hab\u00e9is soportado los veteranos para encontrar el camino y las recompensas que hab\u00e9is logrado en el pasado.<\/p>\n<p style=\"text-align: justify;\">Oh se nos olvidaba, la facci\u00f3n en juego se enfrentar\u00e1 en cada cap\u00edtulo de Legacies Of.. a otra facci\u00f3n de Legacies! Aprovecha para probar otras facciones y boicotear el avance de vuestros enemigos desde antes de empezar!<\/p>\n<\/div>\n<\/div><\/div><\/div><\/div><div id=\"pgc-19-0-1\"  class=\"panel-grid-cell\" ><div id=\"panel-19-0-1-0\" class=\"so-panel widget widget_sow-features panel-first-child panel-last-child\" data-index=\"2\" ><div\n\t\t\t\n\t\t\tclass=\"so-widget-sow-features so-widget-sow-features-default-d0e7f42544fd-19\"\n\t\t\t\n\t\t>\n<div class=\"sow-features-list sow-features-responsive\">\n\n\t\t\t\t\t\t\t\t\t<div\n\t\t\t\tclass=\"sow-features-feature sow-icon-container-position-top\"\n\t\t\t\tstyle=\"display: flex; flex-direction: column; width: calc(100% - 25px);\"\n\t\t\t>\n\t\t\t\n\t\t\t\t\t\t\t\t<div\n\t\t\t\t\tclass=\"sow-icon-container sow-container-none\"\n\t\t\t\t\tstyle=\"color: #ffffff; \"\n\t\t\t\t\t\t\t\t\t>\n\t\t\t\t\t<div class=\"sow-icon-image\" style=\"background-image: url(https:\/\/tro-events.com\/wp-content\/uploads\/2020\/07\/Legacies-e1593965361740.png); font-size: 300px\"><\/div>\t\t\t\t<\/div>\n\t\t\t\t\n\t\t\t\t<div class=\"textwidget\">\n\t\t\t\t\t\n\t\t\t\t\t\n\t\t\t\t\t\n\t\t\t\t\t\t\t\t\t<\/div>\n\t\t\t\t\t\t\t\t\n\t\t\t\t\t\t\t<\/div>\n\n\t\t\t\n<\/div>\n<\/div><\/div><\/div><\/div><\/div><div id=\"pg-19-1\"  class=\"panel-grid panel-has-style\" ><div class=\"panel-row-style panel-row-style-for-19-1\" ><div id=\"pgc-19-1-0\"  class=\"panel-grid-cell\" ><div id=\"panel-19-1-0-0\" class=\"so-panel widget widget_sow-features panel-first-child panel-last-child\" data-index=\"3\" ><div\n\t\t\t\n\t\t\tclass=\"so-widget-sow-features so-widget-sow-features-default-d0e7f42544fd-19\"\n\t\t\t\n\t\t>\n<div class=\"sow-features-list sow-features-responsive\">\n\n\t\t\t\t\t\t\t\t\t<div\n\t\t\t\tclass=\"sow-features-feature sow-icon-container-position-top\"\n\t\t\t\tstyle=\"display: flex; flex-direction: column; width: calc(100% - 25px);\"\n\t\t\t>\n\t\t\t\n\t\t\t\t\t\t\t\t<div\n\t\t\t\t\tclass=\"sow-icon-container sow-container-none\"\n\t\t\t\t\tstyle=\"color: #ffffff; \"\n\t\t\t\t\t\t\t\t\t>\n\t\t\t\t\t<div class=\"sow-icon-image\" style=\"background-image: url(https:\/\/tro-events.com\/wp-content\/uploads\/2020\/07\/battleTRO_web.png); font-size: 300px\"><\/div>\t\t\t\t<\/div>\n\t\t\t\t\n\t\t\t\t<div class=\"textwidget\">\n\t\t\t\t\t\n\t\t\t\t\t\n\t\t\t\t\t\n\t\t\t\t\t\t\t\t\t<\/div>\n\t\t\t\t\t\t\t\t\n\t\t\t\t\t\t\t<\/div>\n\n\t\t\t\n<\/div>\n<\/div><\/div><\/div><div id=\"pgc-19-1-1\"  class=\"panel-grid-cell\" ><div id=\"panel-19-1-1-0\" class=\"so-panel widget widget_sow-editor panel-first-child panel-last-child\" data-index=\"4\" ><div class=\"panel-widget-style panel-widget-style-for-19-1-1-0\" ><div\n\t\t\t\n\t\t\tclass=\"so-widget-sow-editor so-widget-sow-editor-base\"\n\t\t\t\n\t\t><h3 class=\"widget-title\">BattleTRO<\/h3>\n<div class=\"siteorigin-widget-tinymce textwidget\">\n\t<p>BattleTRO es un nuestro evento que evoluciona de los cl\u00e1sicos entrenos, es un dia para venir a jugar y probar el hobby.<\/p>\n<p>Ambientado en la \u00e9poca de King Gunnar,con tu participaci\u00f3n ayudar\u00e1s en un peque\u00f1o conflicto dentro del Reino. Una historia breve, en la que participar\u00e1s en uno de los bandos y en las que se resolver\u00e1n con improperios, golpes y\u00a0 en escaramuzas y batallas por todo el lugar, dejando exhausto y tras acabar la jornada con una sonrisa en tu rostro.<\/p>\n<p>Tres ediciones realizadas con secuestros, explosiones e incontables combates para el recuerdo, menci\u00f3n especial al peque\u00f1o Battlefield que se form\u00f3 con tanta participaci\u00f3n en nuestra \u00faltima edici\u00f3n.<\/p>\n<p>\"Cualquier batalla es un buen lugar para forjar tu leyenda\"<\/p>\n<\/div>\n<\/div><\/div><\/div><\/div><\/div><\/div><div id=\"pg-19-2\"  class=\"panel-grid panel-has-style\" ><div class=\"siteorigin-panels-stretch panel-row-style panel-row-style-for-19-2\" data-stretch-type=\"full\" ><div id=\"pgc-19-2-0\"  class=\"panel-grid-cell\" ><div class=\"panel-cell-style panel-cell-style-for-19-2-0\" ><div id=\"panel-19-2-0-0\" class=\"so-panel widget widget_sow-editor panel-first-child panel-last-child\" data-index=\"5\" ><div class=\"panel-widget-style panel-widget-style-for-19-2-0-0\" ><div\n\t\t\t\n\t\t\tclass=\"so-widget-sow-editor so-widget-sow-editor-base\"\n\t\t\t\n\t\t><h3 class=\"widget-title\">Distopik A.D.<\/h3>\n<div class=\"siteorigin-widget-tinymce textwidget\">\n\t<p><span style=\"font-weight: 400;\">\u00bfQu\u00e9 ocurrir\u00eda si en la actualidad sucediera un desastre que acabase con la forma de vivir tal y como la conocemos? \u00bfY si a\u00f1adimos a esta ecuaci\u00f3n Elfos, Enanos, Orcos y Halflings que han coexistido durante siglos?<\/span><\/p>\n<p><span style=\"font-weight: 400;\">Distopik After Disaster. Es un larp post apocal\u00edptico basado en un mundo parecido al que vivimos actualmente, con la distinci\u00f3n de que las razas fant\u00e1sticas han ocasionado una evoluci\u00f3n tecnol\u00f3gica distinta, m\u00e1s all\u00e1 de las guerras y conflictos comerciales, pero algo sucedi\u00f3 y todo cambi\u00f3 tras el gran desastre.\u00a0\u00a0<\/span><\/p>\n<\/div>\n<\/div><\/div><\/div><\/div><\/div><div id=\"pgc-19-2-1\"  class=\"panel-grid-cell\" ><div id=\"panel-19-2-1-0\" class=\"so-panel widget widget_sow-features panel-first-child panel-last-child\" data-index=\"6\" ><div\n\t\t\t\n\t\t\tclass=\"so-widget-sow-features so-widget-sow-features-default-d0e7f42544fd-19\"\n\t\t\t\n\t\t>\n<div class=\"sow-features-list sow-features-responsive\">\n\n\t\t\t\t\t\t\t\t\t<div\n\t\t\t\tclass=\"sow-features-feature sow-icon-container-position-top\"\n\t\t\t\tstyle=\"display: flex; flex-direction: column; width: calc(100% - 25px);\"\n\t\t\t>\n\t\t\t\n\t\t\t\t\t\t\t\t<div\n\t\t\t\t\tclass=\"sow-icon-container sow-container-none\"\n\t\t\t\t\tstyle=\"color: #ffffff; \"\n\t\t\t\t\t\t\t\t\t>\n\t\t\t\t\t<div class=\"sow-icon-image\" style=\"background-image: url(https:\/\/tro-events.com\/wp-content\/uploads\/2020\/07\/D_ADtransparencia.png); font-size: 300px\"><\/div>\t\t\t\t<\/div>\n\t\t\t\t\n\t\t\t\t<div class=\"textwidget\">\n\t\t\t\t\t\n\t\t\t\t\t\n\t\t\t\t\t\n\t\t\t\t\t\t\t\t\t<\/div>\n\t\t\t\t\t\t\t\t\n\t\t\t\t\t\t\t<\/div>\n\n\t\t\t\n<\/div>\n<\/div><\/div><\/div><\/div><\/div><\/div>","protected":false},"excerpt":{"rendered":"<p>Legacies es una partida de LARP (Live-Action Role PLaying Game) en forma de saga que permite al jugador formar parte de una facci\u00f3n y ayudar a conseguir sus objetivos. \u00c9stas necesitar\u00e1n de todas las habilidades que sus integrantes puedan aportar<\/p>\n","protected":false},"author":1,"featured_media":495,"parent":0,"menu_order":0,"comment_status":"closed","ping_status":"open","template":"","meta":{"footnotes":""},"inscripciones_activas":[],"_links":{"self":[{"href":"https:\/\/tro-events.com\/index.php\/wp-json\/wp\/v2\/pages\/19"}],"collection":[{"href":"https:\/\/tro-events.com\/index.php\/wp-json\/wp\/v2\/pages"}],"about":[{"href":"https:\/\/tro-events.com\/index.php\/wp-json\/wp\/v2\/types\/page"}],"author":[{"embeddable":true,"href":"https:\/\/tro-events.com\/index.php\/wp-json\/wp\/v2\/users\/1"}],"replies":[{"embeddable":true,"href":"https:\/\/tro-events.com\/index.php\/wp-json\/wp\/v2\/comments?post=19"}],"version-history":[{"count":107,"href":"https:\/\/tro-events.com\/index.php\/wp-json\/wp\/v2\/pages\/19\/revisions"}],"predecessor-version":[{"id":1010,"href":"https:\/\/tro-events.com\/index.php\/wp-json\/wp\/v2\/pages\/19\/revisions\/1010"}],"wp:featuredmedia":[{"embeddable":true,"href":"https:\/\/tro-events.com\/index.php\/wp-json\/wp\/v2\/media\/495"}],"wp:attachment":[{"href":"https:\/\/tro-events.com\/index.php\/wp-json\/wp\/v2\/media?parent=19"}],"wp:term":[{"taxonomy":"inscripciones_activas","embeddable":true,"href":"https:\/\/tro-events.com\/index.php\/wp-json\/wp\/v2\/inscripciones_activas?post=19"}],"curies":[{"name":"wp","href":"https:\/\/api.w.org\/{rel}","templated":true}]}}