{"id":1281,"date":"2021-02-06T11:22:14","date_gmt":"2021-02-06T11:22:14","guid":{"rendered":"http:\/\/34.254.181.172\/?page_id=1281"},"modified":"2022-08-10T15:53:48","modified_gmt":"2022-08-10T15:53:48","slug":"nosotros","status":"publish","type":"page","link":"https:\/\/tro-events.com\/index.php\/nosotros\/","title":{"rendered":"Nosotros"},"content":{"rendered":"<div id=\"pl-1281\"  class=\"panel-layout\" ><div id=\"pg-1281-0\"  class=\"panel-grid panel-has-style\" ><div class=\"siteorigin-panels-stretch panel-row-style panel-row-style-for-1281-0\" data-stretch-type=\"full\" ><div id=\"pgc-1281-0-0\"  class=\"panel-grid-cell\" ><div id=\"panel-1281-0-0-0\" class=\"so-panel widget widget_sow-hero panel-first-child panel-last-child\" data-index=\"0\" ><div\n\t\t\t\n\t\t\tclass=\"so-widget-sow-hero so-widget-sow-hero-default-178e0ee349ef-1281\"\n\t\t\t\n\t\t>\t\t\t\t<div class=\"sow-slider-base\" style=\"display: none\" tabindex=\"0\">\n\t\t\t\t\t<ul\n\t\t\t\t\tclass=\"sow-slider-images\"\n\t\t\t\t\tdata-settings=\"{&quot;pagination&quot;:true,&quot;speed&quot;:800,&quot;timeout&quot;:8000,&quot;paused&quot;:true,&quot;pause_on_hover&quot;:false,&quot;swipe&quot;:false,&quot;nav_always_show_desktop&quot;:&quot;&quot;,&quot;nav_always_show_mobile&quot;:&quot;&quot;,&quot;breakpoint&quot;:&quot;780px&quot;,&quot;unmute&quot;:false,&quot;anchor&quot;:null}\"\n\t\t\t\t\tstyle=\"min-height: 0px\"\t\t\t\t\tdata-anchor-id=\"\"\n\t\t\t\t>\t\t<li class=\"sow-slider-image  sow-slider-image-cover\" style=\"visibility: visible;;background-color: #333333\" >\n\t\t\t\t\t<div class=\"sow-slider-image-container\">\n\t\t\t<div class=\"sow-slider-image-wrapper\">\n\t\t\t\t\t\t\t<\/div>\n\t\t<\/div>\n\t\t<div class=\"sow-slider-image-overlay sow-slider-image-cover\" style=\"opacity: 0.64;background-image: url(https:\/\/tro-events.com\/wp-content\/uploads\/2021\/01\/battletro_2-60-scaled.jpg)\"  ><\/div>\t\t<\/li>\n\t\t<\/ul>\t\t\t\t<ol class=\"sow-slider-pagination\">\n\t\t\t\t\t\t\t\t\t\t\t<li><a href=\"#\" data-goto=\"0\" aria-label=\"mostrar diapositiva 1\"><\/a><\/li>\n\t\t\t\t\t\t\t\t\t<\/ol>\n\n\t\t\t\t<div class=\"sow-slide-nav sow-slide-nav-next\">\n\t\t\t\t\t<a href=\"#\" data-goto=\"next\" aria-label=\"diapositiva siguiente\" data-action=\"next\">\n\t\t\t\t\t\t<em class=\"sow-sld-icon-thin-right\"><\/em>\n\t\t\t\t\t<\/a>\n\t\t\t\t<\/div>\n\n\t\t\t\t<div class=\"sow-slide-nav sow-slide-nav-prev\">\n\t\t\t\t\t<a href=\"#\" data-goto=\"previous\" aria-label=\"diapositiva anterior\" data-action=\"prev\">\n\t\t\t\t\t\t<em class=\"sow-sld-icon-thin-left\"><\/em>\n\t\t\t\t\t<\/a>\n\t\t\t\t<\/div>\n\t\t\t\t<\/div><\/div><\/div><\/div><\/div><\/div><div id=\"pg-1281-1\"  class=\"panel-grid panel-has-style\" ><div class=\"siteorigin-panels-stretch panel-row-style panel-row-style-for-1281-1\" data-stretch-type=\"full\" ><div id=\"pgc-1281-1-0\"  class=\"panel-grid-cell\" ><div id=\"panel-1281-1-0-0\" class=\"so-panel widget widget_sow-headline panel-first-child\" data-index=\"1\" ><div class=\"panel-widget-style panel-widget-style-for-1281-1-0-0\" ><div\n\t\t\t\n\t\t\tclass=\"so-widget-sow-headline so-widget-sow-headline-default-97ab79e3b212-1281\"\n\t\t\t\n\t\t><div class=\"sow-headline-container \">\n\t\t\t\t\t\t\t<h1 class=\"sow-headline\">\n\t\t\t\t\t\t\u00bfQui\u00e9nes somos?\t\t\t\t\t\t<\/h1>\n\t\t\t\t\t\t<\/div>\n<\/div><\/div><\/div><div id=\"panel-1281-1-0-1\" class=\"so-panel widget widget_sow-editor panel-last-child\" data-index=\"2\" ><div class=\"panel-widget-style panel-widget-style-for-1281-1-0-1\" ><div\n\t\t\t\n\t\t\tclass=\"so-widget-sow-editor so-widget-sow-editor-base\"\n\t\t\t\n\t\t>\n<div class=\"siteorigin-widget-tinymce textwidget\">\n\t<p style=\"text-align: justify;\"><span style=\"font-weight: 400; color: #000000;\">T.R.O. (Treballs de Recreaci\u00f3 i Oci) es un proyecto cultural nacido del seno de La Hermandad Del Acero,\u00a0 el cual emprende un camino propio con el esp\u00edritu de seguir ofreciendo un sello de calidad al mundo del ocio alternativo. Desde producciones tem\u00e1ticas, pasando por el L.A.R.P. (Live Action Role Play) hasta los deportes y disciplinas m\u00e1s desconocidas. El objetivo es hacer llegar a todo el mundo hobbys m\u00e1s minoritarios y no por ello menos interesantes, fomentando el juego en equipo y la actividad f\u00edsica. As\u00ed como producciones hist\u00f3ricas y fant\u00e1sticas con un elemento inmersivo siempre presente para crear espacios m\u00e1s interactivos con el p\u00fablico.<\/span><\/p>\n<\/div>\n<\/div><\/div><\/div><\/div><div id=\"pgc-1281-1-1\"  class=\"panel-grid-cell\" ><div id=\"panel-1281-1-1-0\" class=\"so-panel widget widget_sow-headline panel-first-child\" data-index=\"3\" ><div class=\"panel-widget-style panel-widget-style-for-1281-1-1-0\" ><div\n\t\t\t\n\t\t\tclass=\"so-widget-sow-headline so-widget-sow-headline-default-4eee745bf24d-1281\"\n\t\t\t\n\t\t><div class=\"sow-headline-container \">\n\t\t\t\t\t\t\t<h1 class=\"sow-headline\">\n\t\t\t\t\t\t\u00bfQu\u00e9 hacemos?\t\t\t\t\t\t<\/h1>\n\t\t\t\t\t\t<\/div>\n<\/div><\/div><\/div><div id=\"panel-1281-1-1-1\" class=\"so-panel widget widget_sow-editor panel-last-child\" data-index=\"4\" ><div class=\"panel-widget-style panel-widget-style-for-1281-1-1-1\" ><div\n\t\t\t\n\t\t\tclass=\"so-widget-sow-editor so-widget-sow-editor-base\"\n\t\t\t\n\t\t>\n<div class=\"siteorigin-widget-tinymce textwidget\">\n\t<p style=\"text-align: justify;\"><span style=\"color: #000000;\">Las actividad principales que realizamos est\u00e1n relacionadas con el LARP y todo lo que representa. Organizamos eventos de distinta tem\u00e1tica,\u00a0 desde ambientaci\u00f3n\u00a0 medieval-fant\u00e1stica a ambientaciones post apocal\u00edpticas. Dentro de cada mundo organizamos partidas de todos los niveles y duraciones por lo que tanto si te estas iniciando en el rol en vivo como si eres ya un jugador experimentado encontrar\u00e1s tu partida ideal. Como organizadores tambi\u00e9n disfrutamos jugando y por eso asistimos a otros eventos ya sean nacionales o internacionales. Por \u00faltimo, y no menos importante, colaboramos con otras entidades que puedan necesitar de ya sea como soporte humano o de material.<\/span><\/p>\n<\/div>\n<\/div><\/div><\/div><\/div><\/div><\/div><\/div>","protected":false},"excerpt":{"rendered":"<p>T.R.O. (Treballs de Recreaci\u00f3 i Oci) es un proyecto cultural nacido del seno de La Hermandad Del Acero,\u00a0 el cual emprende un camino propio con el esp\u00edritu de seguir ofreciendo un sello de calidad al mundo del ocio alternativo. Desde<\/p>\n","protected":false},"author":1,"featured_media":0,"parent":0,"menu_order":0,"comment_status":"closed","ping_status":"closed","template":"page-templates\/page-builder.php","meta":{"footnotes":""},"inscripciones_activas":[],"_links":{"self":[{"href":"https:\/\/tro-events.com\/index.php\/wp-json\/wp\/v2\/pages\/1281"}],"collection":[{"href":"https:\/\/tro-events.com\/index.php\/wp-json\/wp\/v2\/pages"}],"about":[{"href":"https:\/\/tro-events.com\/index.php\/wp-json\/wp\/v2\/types\/page"}],"author":[{"embeddable":true,"href":"https:\/\/tro-events.com\/index.php\/wp-json\/wp\/v2\/users\/1"}],"replies":[{"embeddable":true,"href":"https:\/\/tro-events.com\/index.php\/wp-json\/wp\/v2\/comments?post=1281"}],"version-history":[{"count":60,"href":"https:\/\/tro-events.com\/index.php\/wp-json\/wp\/v2\/pages\/1281\/revisions"}],"predecessor-version":[{"id":3195,"href":"https:\/\/tro-events.com\/index.php\/wp-json\/wp\/v2\/pages\/1281\/revisions\/3195"}],"wp:attachment":[{"href":"https:\/\/tro-events.com\/index.php\/wp-json\/wp\/v2\/media?parent=1281"}],"wp:term":[{"taxonomy":"inscripciones_activas","embeddable":true,"href":"https:\/\/tro-events.com\/index.php\/wp-json\/wp\/v2\/inscripciones_activas?post=1281"}],"curies":[{"name":"wp","href":"https:\/\/api.w.org\/{rel}","templated":true}]}}